{"id":23,"date":"2026-02-28T13:16:27","date_gmt":"2026-02-28T13:16:27","guid":{"rendered":"https:\/\/firstaidoksanen.fi\/?page_id=23"},"modified":"2026-03-28T08:09:46","modified_gmt":"2026-03-28T08:09:46","slug":"ota-yhteytta","status":"publish","type":"page","link":"https:\/\/firstaidoksanen.fi\/fi\/ota-yhteytta\/","title":{"rendered":"Ota yhteytt\u00e4"},"content":{"rendered":"\t\t<div data-elementor-type=\"wp-page\" data-elementor-id=\"23\" class=\"elementor elementor-23\" data-elementor-post-type=\"page\">\n\t\t\t\t<div class=\"elementor-element elementor-element-2624ca5e e-flex e-con-boxed e-con e-parent\" data-id=\"2624ca5e\" data-element_type=\"container\" data-e-type=\"container\" data-settings=\"{&quot;background_background&quot;:&quot;classic&quot;,&quot;shape_divider_bottom&quot;:&quot;tilt&quot;}\">\n\t\t\t\t\t<div class=\"e-con-inner\">\n\t\t\t\t<div class=\"elementor-shape elementor-shape-bottom\" aria-hidden=\"true\" data-negative=\"false\">\n\t\t\t<svg xmlns=\"http:\/\/www.w3.org\/2000\/svg\" viewBox=\"0 0 1000 100\" preserveAspectRatio=\"none\">\n\t<path class=\"elementor-shape-fill\" d=\"M0,6V0h1000v100L0,6z\"\/>\n<\/svg>\t\t<\/div>\n\t\t<div class=\"elementor-element elementor-element-4fd744c0 e-con-full e-flex e-con e-child\" data-id=\"4fd744c0\" data-element_type=\"container\" data-e-type=\"container\">\n\t\t\t\t<div class=\"elementor-element elementor-element-a974eb7 elementor-invisible elementor-widget elementor-widget-heading\" data-id=\"a974eb7\" data-element_type=\"widget\" data-e-type=\"widget\" data-settings=\"{&quot;_animation&quot;:&quot;fadeInUp&quot;}\" data-widget_type=\"heading.default\">\n\t\t\t\t\t<h1 class=\"elementor-heading-title elementor-size-default\">Ota yhteytt\u00e4<\/h1>\t\t\t\t<\/div>\n\t\t\t\t<\/div>\n\t\t\t\t\t<\/div>\n\t\t\t\t<\/div>\n\t\t<div class=\"elementor-element elementor-element-c8cb7f1 e-flex e-con-boxed e-con e-parent\" data-id=\"c8cb7f1\" data-element_type=\"container\" data-e-type=\"container\">\n\t\t\t\t\t<div class=\"e-con-inner\">\n\t\t<div class=\"elementor-element elementor-element-710b322f e-con-full e-flex elementor-invisible e-con e-child\" data-id=\"710b322f\" data-element_type=\"container\" data-e-type=\"container\" data-settings=\"{&quot;background_background&quot;:&quot;classic&quot;,&quot;animation&quot;:&quot;fadeInDown&quot;}\">\n\t\t\t\t<div class=\"elementor-element elementor-element-65c8c8f9 elementor-widget elementor-widget-heading\" data-id=\"65c8c8f9\" data-element_type=\"widget\" data-e-type=\"widget\" data-widget_type=\"heading.default\">\n\t\t\t\t\t<h3 class=\"elementor-heading-title elementor-size-default\">Pyyd\u00e4 tarjous ensiapukoulutuksesta<\/h3>\t\t\t\t<\/div>\n\t\t\t\t<div class=\"elementor-element elementor-element-72f2e175 elementor-widget elementor-widget-text-editor\" data-id=\"72f2e175\" data-element_type=\"widget\" data-e-type=\"widget\" data-widget_type=\"text-editor.default\">\n\t\t\t\t\t\t\t\t\t<p>Voit pyyt\u00e4\u00e4 tarjouksen ensiapukoulutuksesta tai kysy\u00e4 lis\u00e4tietoja.<br data-start=\"617\" data-end=\"620\" \/>Otamme yhteytt\u00e4 mahdollisimman pian ja k\u00e4ymme kanssasi l\u00e4pi sopivan koulutusratkaisun.<\/p>\t\t\t\t\t\t\t\t<\/div>\n\t\t\t\t<div class=\"elementor-element elementor-element-270b9f16 elementor-widget-divider--view-line elementor-widget elementor-widget-divider\" data-id=\"270b9f16\" data-element_type=\"widget\" data-e-type=\"widget\" data-widget_type=\"divider.default\">\n\t\t\t\t\t\t\t<div class=\"elementor-divider\">\n\t\t\t<span class=\"elementor-divider-separator\">\n\t\t\t\t\t\t<\/span>\n\t\t<\/div>\n\t\t\t\t\t\t<\/div>\n\t\t\t\t<div class=\"elementor-element elementor-element-2cca5092 elementor-view-stacked elementor-position-inline-start elementor-mobile-position-inline-start elementor-widget__width-inherit elementor-widget-tablet__width-inherit elementor-widget-mobile__width-inherit elementor-shape-square elementor-invisible elementor-widget elementor-widget-icon-box\" data-id=\"2cca5092\" data-element_type=\"widget\" data-e-type=\"widget\" data-settings=\"{&quot;_animation&quot;:&quot;fadeInUp&quot;}\" data-widget_type=\"icon-box.default\">\n\t\t\t\t\t\t\t<div class=\"elementor-icon-box-wrapper\">\n\n\t\t\t\t\t\t<div class=\"elementor-icon-box-icon\">\n\t\t\t\t<span  class=\"elementor-icon\">\n\t\t\t\t<i aria-hidden=\"true\" class=\"icon icon-information\"><\/i>\t\t\t\t<\/span>\n\t\t\t<\/div>\n\t\t\t\n\t\t\t\t\t\t<div class=\"elementor-icon-box-content\">\n\n\t\t\t\t\t\t\t\t\t<div class=\"elementor-icon-box-title\">\n\t\t\t\t\t\t<span  >\n\t\t\t\t\t\t\tY-tunnus\t\t\t\t\t\t<\/span>\n\t\t\t\t\t<\/div>\n\t\t\t\t\n\t\t\t\t\t\t\t\t\t<p class=\"elementor-icon-box-description\">\n\t\t\t\t\t\t3600273-7\n\t\t\t\t\t<\/p>\n\t\t\t\t\n\t\t\t<\/div>\n\t\t\t\n\t\t<\/div>\n\t\t\t\t\t\t<\/div>\n\t\t\t\t<div class=\"elementor-element elementor-element-386b7fb4 elementor-view-stacked elementor-position-inline-start elementor-mobile-position-inline-start elementor-widget__width-inherit elementor-widget-tablet__width-inherit elementor-widget-mobile__width-initial elementor-shape-square elementor-invisible elementor-widget elementor-widget-icon-box\" data-id=\"386b7fb4\" data-element_type=\"widget\" data-e-type=\"widget\" data-settings=\"{&quot;_animation&quot;:&quot;fadeInUp&quot;}\" data-widget_type=\"icon-box.default\">\n\t\t\t\t\t\t\t<div class=\"elementor-icon-box-wrapper\">\n\n\t\t\t\t\t\t<div class=\"elementor-icon-box-icon\">\n\t\t\t\t<a href=\"tel:0403590909\" class=\"elementor-icon\" tabindex=\"-1\" aria-label=\"Soita tai laita viesti\u00e4\">\n\t\t\t\t<i aria-hidden=\"true\" class=\"icon icon-phone\"><\/i>\t\t\t\t<\/a>\n\t\t\t<\/div>\n\t\t\t\n\t\t\t\t\t\t<div class=\"elementor-icon-box-content\">\n\n\t\t\t\t\t\t\t\t\t<div class=\"elementor-icon-box-title\">\n\t\t\t\t\t\t<a href=\"tel:0403590909\" >\n\t\t\t\t\t\t\tSoita tai laita viesti\u00e4\t\t\t\t\t\t<\/a>\n\t\t\t\t\t<\/div>\n\t\t\t\t\n\t\t\t\t\t\t\t\t\t<p class=\"elementor-icon-box-description\">\n\t\t\t\t\t\t040 3590 909\t\t\t\t\t<\/p>\n\t\t\t\t\n\t\t\t<\/div>\n\t\t\t\n\t\t<\/div>\n\t\t\t\t\t\t<\/div>\n\t\t\t\t<div class=\"elementor-element elementor-element-7d740c9c elementor-view-stacked elementor-position-inline-start elementor-mobile-position-inline-start elementor-widget__width-inherit elementor-widget-tablet__width-inherit elementor-widget-mobile__width-initial elementor-shape-square elementor-invisible elementor-widget elementor-widget-icon-box\" data-id=\"7d740c9c\" data-element_type=\"widget\" data-e-type=\"widget\" data-settings=\"{&quot;_animation&quot;:&quot;fadeInUp&quot;}\" data-widget_type=\"icon-box.default\">\n\t\t\t\t\t\t\t<div class=\"elementor-icon-box-wrapper\">\n\n\t\t\t\t\t\t<div class=\"elementor-icon-box-icon\">\n\t\t\t\t<a href=\"mailto:info@firstaidoksanen.fi\" class=\"elementor-icon\" tabindex=\"-1\" aria-label=\"Laita s\u00e4hk\u00f6postia\">\n\t\t\t\t<i aria-hidden=\"true\" class=\"icon icon-email\"><\/i>\t\t\t\t<\/a>\n\t\t\t<\/div>\n\t\t\t\n\t\t\t\t\t\t<div class=\"elementor-icon-box-content\">\n\n\t\t\t\t\t\t\t\t\t<div class=\"elementor-icon-box-title\">\n\t\t\t\t\t\t<a href=\"mailto:info@firstaidoksanen.fi\" >\n\t\t\t\t\t\t\tLaita s\u00e4hk\u00f6postia\t\t\t\t\t\t<\/a>\n\t\t\t\t\t<\/div>\n\t\t\t\t\n\t\t\t\t\t\t\t\t\t<p class=\"elementor-icon-box-description\">\n\t\t\t\t\t\tinfo@firstaidoksanen.fi\t\t\t\t\t<\/p>\n\t\t\t\t\n\t\t\t<\/div>\n\t\t\t\n\t\t<\/div>\n\t\t\t\t\t\t<\/div>\n\t\t\t\t<\/div>\n\t\t<div class=\"elementor-element elementor-element-72908fea e-con-full e-flex e-con e-child\" data-id=\"72908fea\" data-element_type=\"container\" data-e-type=\"container\">\n\t\t\t\t<div class=\"elementor-element elementor-element-27360145 elementor-invisible elementor-widget elementor-widget-heading\" data-id=\"27360145\" data-element_type=\"widget\" data-e-type=\"widget\" data-settings=\"{&quot;_animation&quot;:&quot;fadeInRight&quot;}\" data-widget_type=\"heading.default\">\n\t\t\t\t\t<h3 class=\"elementor-heading-title elementor-size-default\">Kerro koulutustarpeestanne<\/h3>\t\t\t\t<\/div>\n\t\t\t\t<div class=\"elementor-element elementor-element-19195e07 elementor-widget elementor-widget-text-editor\" data-id=\"19195e07\" data-element_type=\"widget\" data-e-type=\"widget\" data-widget_type=\"text-editor.default\">\n\t\t\t\t\t\t\t\t\t<p data-start=\"1204\" data-end=\"1303\">T\u00e4yt\u00e4 alla oleva lomake, niin olemme sinuun yhteydess\u00e4 ja laadimme tarjouksen ensiapukoulutuksesta.<\/p>\t\t\t\t\t\t\t\t<\/div>\n\t\t\t\t<div class=\"elementor-element elementor-element-f6fd6bb elementor-button-align-stretch elementor-widget elementor-widget-form\" data-id=\"f6fd6bb\" data-element_type=\"widget\" data-e-type=\"widget\" data-settings=\"{&quot;step_next_label&quot;:&quot;Next&quot;,&quot;step_previous_label&quot;:&quot;Previous&quot;,&quot;button_width&quot;:&quot;100&quot;,&quot;step_type&quot;:&quot;number_text&quot;,&quot;step_icon_shape&quot;:&quot;circle&quot;}\" data-widget_type=\"form.default\">\n\t\t\t\t\t\t\t<form class=\"elementor-form\" method=\"post\" name=\"New Form\" aria-label=\"New Form\">\n\t\t\t<input type=\"hidden\" name=\"post_id\" value=\"23\"\/>\n\t\t\t<input type=\"hidden\" name=\"form_id\" value=\"f6fd6bb\"\/>\n\t\t\t<input type=\"hidden\" name=\"referer_title\" value=\"First Aid Oksanen\" \/>\n\n\t\t\t\n\t\t\t<div class=\"elementor-form-fields-wrapper elementor-labels-above\">\n\t\t\t\t\t\t\t\t<div class=\"elementor-field-type-text elementor-field-group elementor-column elementor-field-group-name elementor-col-50 elementor-field-required elementor-mark-required\">\n\t\t\t\t\t\t\t\t\t\t\t\t<label for=\"form-field-name\" class=\"elementor-field-label\">\n\t\t\t\t\t\t\t\tNimi\t\t\t\t\t\t\t<\/label>\n\t\t\t\t\t\t\t\t\t\t\t\t\t\t<input size=\"1\" type=\"text\" name=\"form_fields[name]\" id=\"form-field-name\" class=\"elementor-field elementor-size-sm  elementor-field-textual\" placeholder=\"Nimi\" required=\"required\">\n\t\t\t\t\t\t\t\t\t\t\t<\/div>\n\t\t\t\t\t\t\t\t<div class=\"elementor-field-type-email elementor-field-group elementor-column elementor-field-group-email elementor-col-50 elementor-field-required elementor-mark-required\">\n\t\t\t\t\t\t\t\t\t\t\t\t<label for=\"form-field-email\" class=\"elementor-field-label\">\n\t\t\t\t\t\t\t\tS\u00e4hk\u00f6posti\t\t\t\t\t\t\t<\/label>\n\t\t\t\t\t\t\t\t\t\t\t\t\t\t<input size=\"1\" type=\"email\" name=\"form_fields[email]\" id=\"form-field-email\" class=\"elementor-field elementor-size-sm  elementor-field-textual\" placeholder=\"S\u00e4hk\u00f6posti\" required=\"required\">\n\t\t\t\t\t\t\t\t\t\t\t<\/div>\n\t\t\t\t\t\t\t\t<div class=\"elementor-field-type-text elementor-field-group elementor-column elementor-field-group-field_31e7c48 elementor-col-50 elementor-field-required elementor-mark-required\">\n\t\t\t\t\t\t\t\t\t\t\t\t<label for=\"form-field-field_31e7c48\" class=\"elementor-field-label\">\n\t\t\t\t\t\t\t\tYritys\/Yhteis\u00f6\t\t\t\t\t\t\t<\/label>\n\t\t\t\t\t\t\t\t\t\t\t\t\t\t<input size=\"1\" type=\"text\" name=\"form_fields[field_31e7c48]\" id=\"form-field-field_31e7c48\" class=\"elementor-field elementor-size-sm  elementor-field-textual\" placeholder=\"Yritys\/Yhteis\u00f6\" required=\"required\">\n\t\t\t\t\t\t\t\t\t\t\t<\/div>\n\t\t\t\t\t\t\t\t<div class=\"elementor-field-type-text elementor-field-group elementor-column elementor-field-group-field_9dfe568 elementor-col-50\">\n\t\t\t\t\t\t\t\t\t\t\t\t<label for=\"form-field-field_9dfe568\" class=\"elementor-field-label\">\n\t\t\t\t\t\t\t\tY-tunnus\t\t\t\t\t\t\t<\/label>\n\t\t\t\t\t\t\t\t\t\t\t\t\t\t<input size=\"1\" type=\"text\" name=\"form_fields[field_9dfe568]\" id=\"form-field-field_9dfe568\" class=\"elementor-field elementor-size-sm  elementor-field-textual\" placeholder=\"Y-tunnus\">\n\t\t\t\t\t\t\t\t\t\t\t<\/div>\n\t\t\t\t\t\t\t\t<div class=\"elementor-field-type-text elementor-field-group elementor-column elementor-field-group-field_fecdc6d elementor-col-50 elementor-field-required elementor-mark-required\">\n\t\t\t\t\t\t\t\t\t\t\t\t<label for=\"form-field-field_fecdc6d\" class=\"elementor-field-label\">\n\t\t\t\t\t\t\t\tOsoite\t\t\t\t\t\t\t<\/label>\n\t\t\t\t\t\t\t\t\t\t\t\t\t\t<input size=\"1\" type=\"text\" name=\"form_fields[field_fecdc6d]\" id=\"form-field-field_fecdc6d\" class=\"elementor-field elementor-size-sm  elementor-field-textual\" placeholder=\"Postiosoite, postinumero\" required=\"required\">\n\t\t\t\t\t\t\t\t\t\t\t<\/div>\n\t\t\t\t\t\t\t\t<div class=\"elementor-field-type-tel elementor-field-group elementor-column elementor-field-group-field_3001186 elementor-col-50 elementor-field-required elementor-mark-required\">\n\t\t\t\t\t\t\t\t\t\t\t\t<label for=\"form-field-field_3001186\" class=\"elementor-field-label\">\n\t\t\t\t\t\t\t\tPuhelinnumero\t\t\t\t\t\t\t<\/label>\n\t\t\t\t\t\t\t\t<input size=\"1\" type=\"tel\" name=\"form_fields[field_3001186]\" id=\"form-field-field_3001186\" class=\"elementor-field elementor-size-sm  elementor-field-textual\" placeholder=\"Puhelinnumero\" required=\"required\" pattern=\"[0-9()#&amp;+*-=.]+\" title=\"Only numbers and phone characters (#, -, *, etc) are accepted.\">\n\n\t\t\t\t\t\t<\/div>\n\t\t\t\t\t\t\t\t<div class=\"elementor-field-type-text elementor-field-group elementor-column elementor-field-group-field_03db6e4 elementor-col-50 elementor-field-required elementor-mark-required\">\n\t\t\t\t\t\t\t\t\t\t\t\t<label for=\"form-field-field_03db6e4\" class=\"elementor-field-label\">\n\t\t\t\t\t\t\t\tKurssitoive\t\t\t\t\t\t\t<\/label>\n\t\t\t\t\t\t\t\t\t\t\t\t\t\t<input size=\"1\" type=\"text\" name=\"form_fields[field_03db6e4]\" id=\"form-field-field_03db6e4\" class=\"elementor-field elementor-size-sm  elementor-field-textual\" placeholder=\"Kurssitoive\" required=\"required\">\n\t\t\t\t\t\t\t\t\t\t\t<\/div>\n\t\t\t\t\t\t\t\t<div class=\"elementor-field-type-text elementor-field-group elementor-column elementor-field-group-field_b2b0c7d elementor-col-50 elementor-field-required elementor-mark-required\">\n\t\t\t\t\t\t\t\t\t\t\t\t<label for=\"form-field-field_b2b0c7d\" class=\"elementor-field-label\">\n\t\t\t\t\t\t\t\tKurssilaisten lukum\u00e4\u00e4r\u00e4\t\t\t\t\t\t\t<\/label>\n\t\t\t\t\t\t\t\t\t\t\t\t\t\t<input size=\"1\" type=\"text\" name=\"form_fields[field_b2b0c7d]\" id=\"form-field-field_b2b0c7d\" class=\"elementor-field elementor-size-sm  elementor-field-textual\" placeholder=\"Kurssilaisten lukum\u00e4\u00e4r\u00e4\" required=\"required\">\n\t\t\t\t\t\t\t\t\t\t\t<\/div>\n\t\t\t\t\t\t\t\t<div class=\"elementor-field-type-checkbox elementor-field-group elementor-column elementor-field-group-field_533568c elementor-col-100\">\n\t\t\t\t\t\t\t\t\t\t\t\t<label for=\"form-field-field_533568c\" class=\"elementor-field-label\">\n\t\t\t\t\t\t\t\tTarvitsetteko koulutustilan?\t\t\t\t\t\t\t<\/label>\n\t\t\t\t\t\t<div class=\"elementor-field-subgroup  \"><span class=\"elementor-field-option\"><input type=\"checkbox\" value=\"Tarvitaan koulutustila\" id=\"form-field-field_533568c-0\" name=\"form_fields[field_533568c]\"> <label for=\"form-field-field_533568c-0\">Tarvitaan koulutustila<\/label><\/span><\/div>\t\t\t\t<\/div>\n\t\t\t\t\t\t\t\t<div class=\"elementor-field-type-select elementor-field-group elementor-column elementor-field-group-field_80fb156 elementor-col-100\">\n\t\t\t\t\t\t\t\t\t\t\t\t<label for=\"form-field-field_80fb156\" class=\"elementor-field-label\">\n\t\t\t\t\t\t\t\tHaluan tarjouksen\t\t\t\t\t\t\t<\/label>\n\t\t\t\t\t\t\t\t<div class=\"elementor-field elementor-select-wrapper remove-before \">\n\t\t\t<div class=\"select-caret-down-wrapper\">\n\t\t\t\t<svg aria-hidden=\"true\" class=\"e-font-icon-svg e-eicon-caret-down\" viewBox=\"0 0 571.4 571.4\" xmlns=\"http:\/\/www.w3.org\/2000\/svg\"><path d=\"M571 393Q571 407 561 418L311 668Q300 679 286 679T261 668L11 418Q0 407 0 393T11 368 36 357H536Q550 357 561 368T571 393Z\"><\/path><\/svg>\t\t\t<\/div>\n\t\t\t<select name=\"form_fields[field_80fb156]\" id=\"form-field-field_80fb156\" class=\"elementor-field-textual elementor-size-sm\">\n\t\t\t\t\t\t\t\t\t<option value=\"S\u00e4hk\u00f6postitse\">S\u00e4hk\u00f6postitse<\/option>\n\t\t\t\t\t\t\t\t\t<option value=\"Puhelimitse\">Puhelimitse<\/option>\n\t\t\t\t\t\t\t<\/select>\n\t\t<\/div>\n\t\t\t\t\t\t<\/div>\n\t\t\t\t\t\t\t\t<div class=\"elementor-field-type-textarea elementor-field-group elementor-column elementor-field-group-message elementor-col-100\">\n\t\t\t\t\t\t\t\t\t\t\t\t<label for=\"form-field-message\" class=\"elementor-field-label\">\n\t\t\t\t\t\t\t\tViesti\t\t\t\t\t\t\t<\/label>\n\t\t\t\t\t\t<textarea class=\"elementor-field-textual elementor-field  elementor-size-sm\" name=\"form_fields[message]\" id=\"form-field-message\" rows=\"4\" placeholder=\"Lis\u00e4tietoja\"><\/textarea>\t\t\t\t<\/div>\n\t\t\t\t\t\t\t\t<div class=\"elementor-field-group elementor-column elementor-field-type-submit elementor-col-100 e-form__buttons\">\n\t\t\t\t\t<button class=\"elementor-button elementor-size-sm\" type=\"submit\">\n\t\t\t\t\t\t<span class=\"elementor-button-content-wrapper\">\n\t\t\t\t\t\t\t\t\t\t\t\t\t\t\t\t\t\t\t\t\t\t<span class=\"elementor-button-text\">Pyyd\u00e4 tarjous<\/span>\n\t\t\t\t\t\t\t\t\t\t\t\t\t<\/span>\n\t\t\t\t\t<\/button>\n\t\t\t\t<\/div>\n\t\t\t<\/div>\n\t\t<\/form>\n\t\t\t\t\t\t<\/div>\n\t\t\t\t<\/div>\n\t\t\t\t\t<\/div>\n\t\t\t\t<\/div>\n\t\t\t\t<\/div>\n\t\t","protected":false},"excerpt":{"rendered":"<p>Ota yhteytt\u00e4 Pyyd\u00e4 tarjous ensiapukoulutuksesta Voit pyyt\u00e4\u00e4 tarjouksen ensiapukoulutuksesta tai kysy\u00e4 lis\u00e4tietoja.Otamme yhteytt\u00e4 mahdollisimman pian ja k\u00e4ymme kanssasi l\u00e4pi sopivan koulutusratkaisun. Y-tunnus 3600273-7 Soita tai laita viesti\u00e4 040 3590 909 Laita s\u00e4hk\u00f6postia info@firstaidoksanen.fi Kerro koulutustarpeestanne T\u00e4yt\u00e4 alla oleva lomake, niin olemme sinuun yhteydess\u00e4 ja laadimme tarjouksen ensiapukoulutuksesta.<\/p>\n","protected":false},"author":1,"featured_media":0,"parent":0,"menu_order":0,"comment_status":"closed","ping_status":"closed","template":"","meta":{"footnotes":""},"class_list":["post-23","page","type-page","status-publish","hentry"],"yoast_head":"<!-- This site is optimized with the Yoast SEO plugin v27.2 - https:\/\/yoast.com\/product\/yoast-seo-wordpress\/ -->\n<title>Ota yhteytt\u00e4 - First Aid Oksanen<\/title>\n<meta name=\"robots\" content=\"index, follow, max-snippet:-1, max-image-preview:large, max-video-preview:-1\" \/>\n<link rel=\"canonical\" href=\"https:\/\/firstaidoksanen.fi\/fi\/ota-yhteytta\/\" \/>\n<meta property=\"og:locale\" content=\"fi_FI\" \/>\n<meta property=\"og:type\" content=\"article\" \/>\n<meta property=\"og:title\" content=\"Ota yhteytt\u00e4 - First Aid Oksanen\" \/>\n<meta property=\"og:description\" content=\"Ota yhteytt\u00e4 Pyyd\u00e4 tarjous ensiapukoulutuksesta Voit pyyt\u00e4\u00e4 tarjouksen ensiapukoulutuksesta tai kysy\u00e4 lis\u00e4tietoja.Otamme yhteytt\u00e4 mahdollisimman pian ja k\u00e4ymme kanssasi l\u00e4pi sopivan koulutusratkaisun. Y-tunnus 3600273-7 Soita tai laita viesti\u00e4 040 3590 909 Laita s\u00e4hk\u00f6postia info@firstaidoksanen.fi Kerro koulutustarpeestanne T\u00e4yt\u00e4 alla oleva lomake, niin olemme sinuun yhteydess\u00e4 ja laadimme tarjouksen ensiapukoulutuksesta.\" \/>\n<meta property=\"og:url\" content=\"https:\/\/firstaidoksanen.fi\/fi\/ota-yhteytta\/\" \/>\n<meta property=\"og:site_name\" content=\"First Aid Oksanen\" \/>\n<meta property=\"article:modified_time\" content=\"2026-03-28T08:09:46+00:00\" \/>\n<meta name=\"twitter:card\" content=\"summary_large_image\" \/>\n<meta name=\"twitter:label1\" content=\"Arvioitu lukuaika\" \/>\n\t<meta name=\"twitter:data1\" content=\"1 minuutti\" \/>\n<script type=\"application\/ld+json\" class=\"yoast-schema-graph\">{\"@context\":\"https:\/\/schema.org\",\"@graph\":[{\"@type\":\"WebPage\",\"@id\":\"https:\/\/firstaidoksanen.fi\/fi\/ota-yhteytta\/\",\"url\":\"https:\/\/firstaidoksanen.fi\/fi\/ota-yhteytta\/\",\"name\":\"Ota yhteytt\u00e4 - First Aid Oksanen\",\"isPartOf\":{\"@id\":\"https:\/\/firstaidoksanen.fi\/#website\"},\"datePublished\":\"2026-02-28T13:16:27+00:00\",\"dateModified\":\"2026-03-28T08:09:46+00:00\",\"breadcrumb\":{\"@id\":\"https:\/\/firstaidoksanen.fi\/fi\/ota-yhteytta\/#breadcrumb\"},\"inLanguage\":\"fi\",\"potentialAction\":[{\"@type\":\"ReadAction\",\"target\":[\"https:\/\/firstaidoksanen.fi\/fi\/ota-yhteytta\/\"]}]},{\"@type\":\"BreadcrumbList\",\"@id\":\"https:\/\/firstaidoksanen.fi\/fi\/ota-yhteytta\/#breadcrumb\",\"itemListElement\":[{\"@type\":\"ListItem\",\"position\":1,\"name\":\"Etusivu\",\"item\":\"https:\/\/firstaidoksanen.fi\/\"},{\"@type\":\"ListItem\",\"position\":2,\"name\":\"Ota yhteytt\u00e4\"}]},{\"@type\":\"WebSite\",\"@id\":\"https:\/\/firstaidoksanen.fi\/#website\",\"url\":\"https:\/\/firstaidoksanen.fi\/\",\"name\":\"First Aid Oksanen\",\"description\":\"Ensiapukoulutusta\",\"publisher\":{\"@id\":\"https:\/\/firstaidoksanen.fi\/#organization\"},\"potentialAction\":[{\"@type\":\"SearchAction\",\"target\":{\"@type\":\"EntryPoint\",\"urlTemplate\":\"https:\/\/firstaidoksanen.fi\/?s={search_term_string}\"},\"query-input\":{\"@type\":\"PropertyValueSpecification\",\"valueRequired\":true,\"valueName\":\"search_term_string\"}}],\"inLanguage\":\"fi\"},{\"@type\":\"Organization\",\"@id\":\"https:\/\/firstaidoksanen.fi\/#organization\",\"name\":\"First Aid Oksanen\",\"url\":\"https:\/\/firstaidoksanen.fi\/\",\"logo\":{\"@type\":\"ImageObject\",\"inLanguage\":\"fi\",\"@id\":\"https:\/\/firstaidoksanen.fi\/#\/schema\/logo\/image\/\",\"url\":\"https:\/\/firstaidoksanen.fi\/wp-content\/uploads\/2026\/02\/Logo-FINAL.jpeg\",\"contentUrl\":\"https:\/\/firstaidoksanen.fi\/wp-content\/uploads\/2026\/02\/Logo-FINAL.jpeg\",\"width\":887,\"height\":452,\"caption\":\"First Aid Oksanen\"},\"image\":{\"@id\":\"https:\/\/firstaidoksanen.fi\/#\/schema\/logo\/image\/\"}}]}<\/script>\n<!-- \/ Yoast SEO plugin. -->","yoast_head_json":{"title":"Ota yhteytt\u00e4 - First Aid Oksanen","robots":{"index":"index","follow":"follow","max-snippet":"max-snippet:-1","max-image-preview":"max-image-preview:large","max-video-preview":"max-video-preview:-1"},"canonical":"https:\/\/firstaidoksanen.fi\/fi\/ota-yhteytta\/","og_locale":"fi_FI","og_type":"article","og_title":"Ota yhteytt\u00e4 - First Aid Oksanen","og_description":"Ota yhteytt\u00e4 Pyyd\u00e4 tarjous ensiapukoulutuksesta Voit pyyt\u00e4\u00e4 tarjouksen ensiapukoulutuksesta tai kysy\u00e4 lis\u00e4tietoja.Otamme yhteytt\u00e4 mahdollisimman pian ja k\u00e4ymme kanssasi l\u00e4pi sopivan koulutusratkaisun. Y-tunnus 3600273-7 Soita tai laita viesti\u00e4 040 3590 909 Laita s\u00e4hk\u00f6postia info@firstaidoksanen.fi Kerro koulutustarpeestanne T\u00e4yt\u00e4 alla oleva lomake, niin olemme sinuun yhteydess\u00e4 ja laadimme tarjouksen ensiapukoulutuksesta.","og_url":"https:\/\/firstaidoksanen.fi\/fi\/ota-yhteytta\/","og_site_name":"First Aid Oksanen","article_modified_time":"2026-03-28T08:09:46+00:00","twitter_card":"summary_large_image","twitter_misc":{"Arvioitu lukuaika":"1 minuutti"},"schema":{"@context":"https:\/\/schema.org","@graph":[{"@type":"WebPage","@id":"https:\/\/firstaidoksanen.fi\/fi\/ota-yhteytta\/","url":"https:\/\/firstaidoksanen.fi\/fi\/ota-yhteytta\/","name":"Ota yhteytt\u00e4 - First Aid Oksanen","isPartOf":{"@id":"https:\/\/firstaidoksanen.fi\/#website"},"datePublished":"2026-02-28T13:16:27+00:00","dateModified":"2026-03-28T08:09:46+00:00","breadcrumb":{"@id":"https:\/\/firstaidoksanen.fi\/fi\/ota-yhteytta\/#breadcrumb"},"inLanguage":"fi","potentialAction":[{"@type":"ReadAction","target":["https:\/\/firstaidoksanen.fi\/fi\/ota-yhteytta\/"]}]},{"@type":"BreadcrumbList","@id":"https:\/\/firstaidoksanen.fi\/fi\/ota-yhteytta\/#breadcrumb","itemListElement":[{"@type":"ListItem","position":1,"name":"Etusivu","item":"https:\/\/firstaidoksanen.fi\/"},{"@type":"ListItem","position":2,"name":"Ota yhteytt\u00e4"}]},{"@type":"WebSite","@id":"https:\/\/firstaidoksanen.fi\/#website","url":"https:\/\/firstaidoksanen.fi\/","name":"First Aid Oksanen","description":"Ensiapukoulutusta","publisher":{"@id":"https:\/\/firstaidoksanen.fi\/#organization"},"potentialAction":[{"@type":"SearchAction","target":{"@type":"EntryPoint","urlTemplate":"https:\/\/firstaidoksanen.fi\/?s={search_term_string}"},"query-input":{"@type":"PropertyValueSpecification","valueRequired":true,"valueName":"search_term_string"}}],"inLanguage":"fi"},{"@type":"Organization","@id":"https:\/\/firstaidoksanen.fi\/#organization","name":"First Aid Oksanen","url":"https:\/\/firstaidoksanen.fi\/","logo":{"@type":"ImageObject","inLanguage":"fi","@id":"https:\/\/firstaidoksanen.fi\/#\/schema\/logo\/image\/","url":"https:\/\/firstaidoksanen.fi\/wp-content\/uploads\/2026\/02\/Logo-FINAL.jpeg","contentUrl":"https:\/\/firstaidoksanen.fi\/wp-content\/uploads\/2026\/02\/Logo-FINAL.jpeg","width":887,"height":452,"caption":"First Aid Oksanen"},"image":{"@id":"https:\/\/firstaidoksanen.fi\/#\/schema\/logo\/image\/"}}]}},"_links":{"self":[{"href":"https:\/\/firstaidoksanen.fi\/fi\/wp-json\/wp\/v2\/pages\/23","targetHints":{"allow":["GET"]}}],"collection":[{"href":"https:\/\/firstaidoksanen.fi\/fi\/wp-json\/wp\/v2\/pages"}],"about":[{"href":"https:\/\/firstaidoksanen.fi\/fi\/wp-json\/wp\/v2\/types\/page"}],"author":[{"embeddable":true,"href":"https:\/\/firstaidoksanen.fi\/fi\/wp-json\/wp\/v2\/users\/1"}],"replies":[{"embeddable":true,"href":"https:\/\/firstaidoksanen.fi\/fi\/wp-json\/wp\/v2\/comments?post=23"}],"version-history":[{"count":17,"href":"https:\/\/firstaidoksanen.fi\/fi\/wp-json\/wp\/v2\/pages\/23\/revisions"}],"predecessor-version":[{"id":443,"href":"https:\/\/firstaidoksanen.fi\/fi\/wp-json\/wp\/v2\/pages\/23\/revisions\/443"}],"wp:attachment":[{"href":"https:\/\/firstaidoksanen.fi\/fi\/wp-json\/wp\/v2\/media?parent=23"}],"curies":[{"name":"wp","href":"https:\/\/api.w.org\/{rel}","templated":true}]}}