{"id":25,"date":"2026-02-28T13:16:36","date_gmt":"2026-02-28T13:16:36","guid":{"rendered":"https:\/\/firstaidoksanen.fi\/?page_id=25"},"modified":"2026-03-28T08:20:20","modified_gmt":"2026-03-28T08:20:20","slug":"meista","status":"publish","type":"page","link":"https:\/\/firstaidoksanen.fi\/fi\/meista\/","title":{"rendered":"Meist\u00e4"},"content":{"rendered":"\t\t<div data-elementor-type=\"wp-page\" data-elementor-id=\"25\" class=\"elementor elementor-25\" data-elementor-post-type=\"page\">\n\t\t\t\t<div class=\"elementor-element elementor-element-bf1d67b e-flex e-con-boxed e-con e-parent\" data-id=\"bf1d67b\" data-element_type=\"container\" data-e-type=\"container\" data-settings=\"{&quot;background_background&quot;:&quot;classic&quot;}\">\n\t\t\t\t\t<div class=\"e-con-inner\">\n\t\t<div class=\"elementor-element elementor-element-439049f e-con-full e-flex e-con e-child\" data-id=\"439049f\" data-element_type=\"container\" data-e-type=\"container\">\n\t\t<div class=\"elementor-element elementor-element-dd90774 e-con-full e-flex elementor-invisible e-con e-child\" data-id=\"dd90774\" data-element_type=\"container\" data-e-type=\"container\" data-settings=\"{&quot;animation&quot;:&quot;fadeInRight&quot;}\">\n\t\t\t\t<div class=\"elementor-element elementor-element-dbc2a58 elementor-widget__width-initial elementor-widget-divider--view-line elementor-widget elementor-widget-divider\" data-id=\"dbc2a58\" data-element_type=\"widget\" data-e-type=\"widget\" data-widget_type=\"divider.default\">\n\t\t\t\t\t\t\t<div class=\"elementor-divider\">\n\t\t\t<span class=\"elementor-divider-separator\">\n\t\t\t\t\t\t<\/span>\n\t\t<\/div>\n\t\t\t\t\t\t<\/div>\n\t\t\t\t<div class=\"elementor-element elementor-element-86331cd elementor-widget elementor-widget-heading\" data-id=\"86331cd\" data-element_type=\"widget\" data-e-type=\"widget\" data-widget_type=\"heading.default\">\n\t\t\t\t\t<div class=\"elementor-heading-title elementor-size-default\">First Aid Oksanen Oy<\/div>\t\t\t\t<\/div>\n\t\t\t\t<\/div>\n\t\t\t\t<div class=\"elementor-element elementor-element-fbb44b2 elementor-invisible elementor-widget elementor-widget-heading\" data-id=\"fbb44b2\" data-element_type=\"widget\" data-e-type=\"widget\" data-settings=\"{&quot;_animation&quot;:&quot;fadeInUp&quot;}\" data-widget_type=\"heading.default\">\n\t\t\t\t\t<h1 class=\"elementor-heading-title elementor-size-default\">Meist\u00e4<\/h1>\t\t\t\t<\/div>\n\t\t\t\t<div class=\"elementor-element elementor-element-fe8f28f elementor-invisible elementor-widget elementor-widget-text-editor\" data-id=\"fe8f28f\" data-element_type=\"widget\" data-e-type=\"widget\" data-settings=\"{&quot;_animation&quot;:&quot;fadeInUp&quot;,&quot;_animation_delay&quot;:240}\" data-widget_type=\"text-editor.default\">\n\t\t\t\t\t\t\t\t\t<div>J\u00e4rjest\u00e4mme ensiapukoulutusta yrityksille ja yhteis\u00f6ille yli kymmenen vuoden kokemuksella. Koulutusvalikoimamme on laaja &#8211; saat kauttamme niin h\u00e4t\u00e4ensiapu-, kuin ensiavun perus- ja jatkokurssit. Kurssit ovat Suomen Punaisen Ristin EFAC-sertifioituja ja niist\u00e4 saa SPR:n virallisen kurssitodistuksen. Rekister\u00f6imme kurssisuoritukset ja p\u00e4tevyydet Suomen Punaisen Ristin p\u00e4tevyysrekisterin. Kouluttajamme tulee yrityksen omiin tiloihin tai toisin sovittuun paikkaan.\u00a0<\/div><div>\u00a0<\/div>\t\t\t\t\t\t\t\t<\/div>\n\t\t\t\t<\/div>\n\t\t\t\t\t<\/div>\n\t\t\t\t<\/div>\n\t\t<div class=\"elementor-element elementor-element-2b2a53a e-flex e-con-boxed e-con e-parent\" data-id=\"2b2a53a\" data-element_type=\"container\" data-e-type=\"container\">\n\t\t\t\t\t<div class=\"e-con-inner\">\n\t\t<div class=\"elementor-element elementor-element-6cd59713 e-con-full e-flex e-con e-child\" data-id=\"6cd59713\" data-element_type=\"container\" data-e-type=\"container\">\n\t\t\t\t<div class=\"elementor-element elementor-element-31c3186f elementor-invisible elementor-widget elementor-widget-heading\" data-id=\"31c3186f\" data-element_type=\"widget\" data-e-type=\"widget\" data-settings=\"{&quot;_animation&quot;:&quot;fadeInUp&quot;}\" data-widget_type=\"heading.default\">\n\t\t\t\t\t<h2 class=\"elementor-heading-title elementor-size-default\">N\u00e4in meist\u00e4 tuli First Aid Oksanen Oy\n<\/h2>\t\t\t\t<\/div>\n\t\t\t\t<div class=\"elementor-element elementor-element-6b8583c5 elementor-widget elementor-widget-text-editor\" data-id=\"6b8583c5\" data-element_type=\"widget\" data-e-type=\"widget\" data-widget_type=\"text-editor.default\">\n\t\t\t\t\t\t\t\t\t<div>Kaikki l\u00e4hti nuoresta kouluttajasta, joka halusi yhdist\u00e4\u00e4 rakkaan Punaisen Ristin ensiapuryhm\u00e4harrastuksen ja kouluttajana useista ty\u00f6paikoista saadun osaamisen.\u00a0<\/div><div>Rina oli t\u00f6iss\u00e4 SPR Helsingin ja Uudenmaan piiriss\u00e4 ensiapukouluttajana, kun Suomen piiritoimistot perustivat oman osakeyhti\u00f6n ensiapukoulutuksille. Rina huomasi olevansa mestarimyyj\u00e4 ja saavansa erinomaisia asiakaspalautteita kouluttamiltaan asiakkailta.\u00a0<\/div><div>Koronavuodet antoivat aikaa ajatusten juoksulle ja n\u00e4in Rina aloitti ensiapukoulutusyritt\u00e4misen\u00a0<wbr \/>toiminimell\u00e4. Nykyteknologia mahdollisti\u00a0toiminimelle niin verkkosivujen kuin logon ja sosiaalisen median kanavien luomisen ja yll\u00e4pidon, kun Anna-tyt\u00e4r tarjoutui auttamaan Espanjan auringon alta.\u00a0<br \/>Kevytyritt\u00e4minen toiminimell\u00e4 osoittautui virkist\u00e4v\u00e4ksi\u00a0ja omat ydinosaamiset sai siin\u00e4 t\u00e4ydellisesti yhdistetty\u00e4.\u00a0<\/div><div>\u00a0<\/div><div>Syksyll\u00e4 2025 ensiapukoulutuksen imu k\u00e4vi niin suureksi, ett\u00e4 idea palkkat\u00f6iden lopettamisesta alkoi houkuttaa. Loppuvuodesta osakeyhti\u00f6 alkoi saada muotoaan ja muutaman kuukauden ty\u00f6st\u00f6n j\u00e4lkeen osakassopimus ja perustamisilmoitus allekirjoitettiin juhlavasti kilist\u00e4en\u00a0112-p\u00e4iv\u00e4n\u00e4, 11. helmikuuta 2026 kolmen osakkaan kesken!\u00a0<\/div>\t\t\t\t\t\t\t\t<\/div>\n\t\t\t\t<\/div>\n\t\t<div class=\"elementor-element elementor-element-18e5e7f4 e-con-full e-flex e-con e-child\" data-id=\"18e5e7f4\" data-element_type=\"container\" data-e-type=\"container\">\n\t\t\t\t<div class=\"elementor-element elementor-element-6a8c3712 elementor-widget elementor-widget-image\" data-id=\"6a8c3712\" data-element_type=\"widget\" data-e-type=\"widget\" data-widget_type=\"image.default\">\n\t\t\t\t\t\t\t\t\t\t\t\t\t\t\t<img fetchpriority=\"high\" decoding=\"async\" width=\"788\" height=\"1050\" src=\"https:\/\/firstaidoksanen.fi\/wp-content\/uploads\/2026\/03\/1000050531-scaled.jpg\" class=\"attachment-full size-full wp-image-180\" alt=\"\" srcset=\"https:\/\/firstaidoksanen.fi\/wp-content\/uploads\/2026\/03\/1000050531-scaled.jpg 788w, https:\/\/firstaidoksanen.fi\/wp-content\/uploads\/2026\/03\/1000050531-225x300.jpg 225w, https:\/\/firstaidoksanen.fi\/wp-content\/uploads\/2026\/03\/1000050531-768x1024.jpg 768w, https:\/\/firstaidoksanen.fi\/wp-content\/uploads\/2026\/03\/1000050531-1152x1536.jpg 1152w, https:\/\/firstaidoksanen.fi\/wp-content\/uploads\/2026\/03\/1000050531-1536x2048.jpg 1536w\" sizes=\"(max-width: 788px) 100vw, 788px\" \/>\t\t\t\t\t\t\t\t\t\t\t\t\t\t\t<\/div>\n\t\t\t\t<\/div>\n\t\t\t\t\t<\/div>\n\t\t\t\t<\/div>\n\t\t<div class=\"elementor-element elementor-element-50008e5 e-flex e-con-boxed e-con e-parent\" data-id=\"50008e5\" data-element_type=\"container\" data-e-type=\"container\">\n\t\t\t\t\t<div class=\"e-con-inner\">\n\t\t<div class=\"elementor-element elementor-element-f1d8122 e-con-full e-flex e-con e-child\" data-id=\"f1d8122\" data-element_type=\"container\" data-e-type=\"container\">\n\t\t\t\t<div class=\"elementor-element elementor-element-8dcc5e8 elementor-position-top elementor-widget elementor-widget-image-box\" data-id=\"8dcc5e8\" data-element_type=\"widget\" data-e-type=\"widget\" data-widget_type=\"image-box.default\">\n\t\t\t\t\t<div class=\"elementor-image-box-wrapper\"><figure class=\"elementor-image-box-img\"><img decoding=\"async\" width=\"788\" height=\"1050\" src=\"https:\/\/firstaidoksanen.fi\/wp-content\/uploads\/2026\/03\/bf88788f-1e6c-40ab-8928-15c5715423b5-1_all_28167-scaled.jpg\" class=\"attachment-full size-full wp-image-181\" alt=\"\" srcset=\"https:\/\/firstaidoksanen.fi\/wp-content\/uploads\/2026\/03\/bf88788f-1e6c-40ab-8928-15c5715423b5-1_all_28167-scaled.jpg 788w, https:\/\/firstaidoksanen.fi\/wp-content\/uploads\/2026\/03\/bf88788f-1e6c-40ab-8928-15c5715423b5-1_all_28167-225x300.jpg 225w, https:\/\/firstaidoksanen.fi\/wp-content\/uploads\/2026\/03\/bf88788f-1e6c-40ab-8928-15c5715423b5-1_all_28167-768x1024.jpg 768w, https:\/\/firstaidoksanen.fi\/wp-content\/uploads\/2026\/03\/bf88788f-1e6c-40ab-8928-15c5715423b5-1_all_28167-1152x1536.jpg 1152w, https:\/\/firstaidoksanen.fi\/wp-content\/uploads\/2026\/03\/bf88788f-1e6c-40ab-8928-15c5715423b5-1_all_28167-1536x2048.jpg 1536w\" sizes=\"(max-width: 788px) 100vw, 788px\" \/><\/figure><div class=\"elementor-image-box-content\"><h3 class=\"elementor-image-box-title\">Rina Oksanen, TH, YAMK<\/h3><p class=\"elementor-image-box-description\">Toimitusjohtaja ja p\u00e4\u00e4kouluttaja<\/p><\/div><\/div>\t\t\t\t<\/div>\n\t\t\t\t<div class=\"elementor-element elementor-element-4a2c822 elementor-widget elementor-widget-text-editor\" data-id=\"4a2c822\" data-element_type=\"widget\" data-e-type=\"widget\" data-widget_type=\"text-editor.default\">\n\t\t\t\t\t\t\t\t\t<div>Rina on yrityksen toimitusjohtaja ja Laurea Ammattikorkeakoulun kasvatti. H\u00e4n on harrastanut Punaisen Ristin ensiapuryhm\u00e4toimintaa\u00a0<wbr \/>teinivuosista l\u00e4htien. Rina harrastaa melontaa ja m\u00f6kkeily\u00e4 sek\u00e4 nauttii puutarhan parissa puuhastelusta.\u00a0\u00a0<\/div>\t\t\t\t\t\t\t\t<\/div>\n\t\t\t\t<\/div>\n\t\t<div class=\"elementor-element elementor-element-ad38afe e-con-full e-flex e-con e-child\" data-id=\"ad38afe\" data-element_type=\"container\" data-e-type=\"container\">\n\t\t\t\t<div class=\"elementor-element elementor-element-4c65357 elementor-position-top elementor-widget elementor-widget-image-box\" data-id=\"4c65357\" data-element_type=\"widget\" data-e-type=\"widget\" data-widget_type=\"image-box.default\">\n\t\t\t\t\t<div class=\"elementor-image-box-wrapper\"><figure class=\"elementor-image-box-img\"><img decoding=\"async\" width=\"788\" height=\"1050\" src=\"https:\/\/firstaidoksanen.fi\/wp-content\/uploads\/2026\/03\/IMG_0755.jpg\" class=\"attachment-full size-full wp-image-436\" alt=\"\" srcset=\"https:\/\/firstaidoksanen.fi\/wp-content\/uploads\/2026\/03\/IMG_0755.jpg 788w, https:\/\/firstaidoksanen.fi\/wp-content\/uploads\/2026\/03\/IMG_0755-225x300.jpg 225w, https:\/\/firstaidoksanen.fi\/wp-content\/uploads\/2026\/03\/IMG_0755-768x1023.jpg 768w, https:\/\/firstaidoksanen.fi\/wp-content\/uploads\/2026\/03\/IMG_0755-9x12.jpg 9w\" sizes=\"(max-width: 788px) 100vw, 788px\" \/><\/figure><div class=\"elementor-image-box-content\"><h3 class=\"elementor-image-box-title\">Anna Oksanen<\/h3><p class=\"elementor-image-box-description\">Viestint\u00e4- ja markkinointip\u00e4\u00e4llikk\u00f6 <\/p><\/div><\/div>\t\t\t\t<\/div>\n\t\t\t\t<div class=\"elementor-element elementor-element-725cdf8 elementor-widget elementor-widget-text-editor\" data-id=\"725cdf8\" data-element_type=\"widget\" data-e-type=\"widget\" data-widget_type=\"text-editor.default\">\n\t\t\t\t\t\t\t\t\t<p>Annan kyn\u00e4nj\u00e4ljen n\u00e4et yrityksen sometileill\u00e4 sek\u00e4 verkkosivuilla. H\u00e4n on ker\u00e4nnyt kokemusta Lyfta Oy:ss\u00e4 ty\u00f6skennelless\u00e4\u00e4n ja harrastanut my\u00f6s SPR:n vapaaehtoistoimintaa nuoruudessaan. Anna opiskelee yliopistossa sek\u00e4 partiolaisena nauttii ulkoilusta ja urheilemisesta.\u00a0<\/p>\t\t\t\t\t\t\t\t<\/div>\n\t\t\t\t<\/div>\n\t\t<div class=\"elementor-element elementor-element-dc39a6b e-con-full e-flex e-con e-child\" data-id=\"dc39a6b\" data-element_type=\"container\" data-e-type=\"container\">\n\t\t\t\t<div class=\"elementor-element elementor-element-c82ecf8 elementor-position-top elementor-widget elementor-widget-image-box\" data-id=\"c82ecf8\" data-element_type=\"widget\" data-e-type=\"widget\" data-widget_type=\"image-box.default\">\n\t\t\t\t\t<div class=\"elementor-image-box-wrapper\"><figure class=\"elementor-image-box-img\"><img loading=\"lazy\" decoding=\"async\" width=\"817\" height=\"1050\" src=\"https:\/\/firstaidoksanen.fi\/wp-content\/uploads\/2026\/03\/20260212_231741111.jpg\" class=\"attachment-full size-full wp-image-437\" alt=\"\" srcset=\"https:\/\/firstaidoksanen.fi\/wp-content\/uploads\/2026\/03\/20260212_231741111.jpg 817w, https:\/\/firstaidoksanen.fi\/wp-content\/uploads\/2026\/03\/20260212_231741111-233x300.jpg 233w, https:\/\/firstaidoksanen.fi\/wp-content\/uploads\/2026\/03\/20260212_231741111-797x1024.jpg 797w, https:\/\/firstaidoksanen.fi\/wp-content\/uploads\/2026\/03\/20260212_231741111-768x987.jpg 768w, https:\/\/firstaidoksanen.fi\/wp-content\/uploads\/2026\/03\/20260212_231741111-9x12.jpg 9w\" sizes=\"(max-width: 817px) 100vw, 817px\" \/><\/figure><div class=\"elementor-image-box-content\"><h3 class=\"elementor-image-box-title\">Juhamatti Huovila<\/h3><p class=\"elementor-image-box-description\">Myynti- ja asiakkuusp\u00e4\u00e4llikk\u00f6 <\/p><\/div><\/div>\t\t\t\t<\/div>\n\t\t\t\t<div class=\"elementor-element elementor-element-b7c0258 elementor-widget elementor-widget-text-editor\" data-id=\"b7c0258\" data-element_type=\"widget\" data-e-type=\"widget\" data-widget_type=\"text-editor.default\">\n\t\t\t\t\t\t\t\t\t<div>Juhamatti kontaktoi asiakkaat ja sopii koulutusten yksityiskohdat. H\u00e4nell\u00e4 on runsaasti kokemusta asiakaspalveluty\u00f6st\u00e4. Juhamatti nauttii musiikista ja rakastaa merkityksellisi\u00e4 keskusteluja.<\/div>\t\t\t\t\t\t\t\t<\/div>\n\t\t\t\t<\/div>\n\t\t\t\t\t<\/div>\n\t\t\t\t<\/div>\n\t\t<div class=\"elementor-element elementor-element-e52c638 e-flex e-con-boxed e-con e-parent\" data-id=\"e52c638\" data-element_type=\"container\" data-e-type=\"container\" data-settings=\"{&quot;background_background&quot;:&quot;classic&quot;}\">\n\t\t\t\t\t<div class=\"e-con-inner\">\n\t\t<div class=\"elementor-element elementor-element-0a92c90 e-con-full e-flex e-con e-child\" data-id=\"0a92c90\" data-element_type=\"container\" data-e-type=\"container\">\n\t\t\t\t<div class=\"elementor-element elementor-element-3cce54b elementor-invisible elementor-widget elementor-widget-heading\" data-id=\"3cce54b\" data-element_type=\"widget\" data-e-type=\"widget\" data-settings=\"{&quot;_animation&quot;:&quot;fadeInUp&quot;}\" data-widget_type=\"heading.default\">\n\t\t\t\t\t<h3 class=\"elementor-heading-title elementor-size-default\">Vastuullisuus, arvot ja kumppanuus<\/h3>\t\t\t\t<\/div>\n\t\t\t\t<\/div>\n\t\t<div class=\"elementor-element elementor-element-d9af427 e-con-full e-flex e-con e-child\" data-id=\"d9af427\" data-element_type=\"container\" data-e-type=\"container\">\n\t\t\t\t<div class=\"elementor-element elementor-element-868a6c3 elementor-invisible elementor-widget elementor-widget-heading\" data-id=\"868a6c3\" data-element_type=\"widget\" data-e-type=\"widget\" data-settings=\"{&quot;_animation&quot;:&quot;fadeInRight&quot;}\" data-widget_type=\"heading.default\">\n\t\t\t\t\t<p class=\"elementor-heading-title elementor-size-default\">First Aid Oksanen Oy:ll\u00e4 on vahva arvoperusta, johon kuuluu luotettavuus, turvallisuus ja vastuullisuus. \nOtamme toiminnassamme huomioon ymp\u00e4rist\u00f6yst\u00e4v\u00e4llisyyden ja kursseillamme noudatetaan psykologisen turvallisuuden ilmapiirin periaatteita. Punaisen Ristin periaatteita noudattaen mm. kiusaamiselle ja rasismille on nollatoleranssi. \nOlemme Suomen Punaisen Ristin kumppanikouluttaja. Pyrimme vastaamaan asiakkaan tarpeisiin r\u00e4\u00e4t\u00e4l\u00f6im\u00e4ll\u00e4 kursseja Punaisen Ristin virallisten kurssiohjelmien ymp\u00e4rille mahdollisuuksien mukaan.<\/p>\t\t\t\t<\/div>\n\t\t\t\t<\/div>\n\t\t\t\t\t<\/div>\n\t\t\t\t<\/div>\n\t\t\t\t<\/div>\n\t\t","protected":false},"excerpt":{"rendered":"<p>First Aid Oksanen Oy Meist\u00e4 J\u00e4rjest\u00e4mme ensiapukoulutusta yrityksille ja yhteis\u00f6ille yli kymmenen vuoden kokemuksella. Koulutusvalikoimamme on laaja &#8211; saat kauttamme niin h\u00e4t\u00e4ensiapu-, kuin ensiavun perus- ja jatkokurssit. Kurssit ovat Suomen Punaisen Ristin EFAC-sertifioituja ja niist\u00e4 saa SPR:n virallisen kurssitodistuksen. Rekister\u00f6imme kurssisuoritukset ja p\u00e4tevyydet Suomen Punaisen Ristin p\u00e4tevyysrekisterin. Kouluttajamme tulee yrityksen omiin tiloihin tai toisin sovittuun [&hellip;]<\/p>\n","protected":false},"author":1,"featured_media":0,"parent":0,"menu_order":0,"comment_status":"closed","ping_status":"closed","template":"","meta":{"footnotes":""},"class_list":["post-25","page","type-page","status-publish","hentry"],"yoast_head":"<!-- This site is optimized with the Yoast SEO plugin v27.2 - https:\/\/yoast.com\/product\/yoast-seo-wordpress\/ -->\n<title>Meist\u00e4 - First Aid Oksanen<\/title>\n<meta name=\"robots\" content=\"index, follow, max-snippet:-1, max-image-preview:large, max-video-preview:-1\" \/>\n<link rel=\"canonical\" href=\"https:\/\/firstaidoksanen.fi\/fi\/meista\/\" \/>\n<meta property=\"og:locale\" content=\"fi_FI\" \/>\n<meta property=\"og:type\" content=\"article\" \/>\n<meta property=\"og:title\" content=\"Meist\u00e4 - First Aid Oksanen\" \/>\n<meta property=\"og:description\" content=\"First Aid Oksanen Oy Meist\u00e4 J\u00e4rjest\u00e4mme ensiapukoulutusta yrityksille ja yhteis\u00f6ille yli kymmenen vuoden kokemuksella. Koulutusvalikoimamme on laaja &#8211; saat kauttamme niin h\u00e4t\u00e4ensiapu-, kuin ensiavun perus- ja jatkokurssit. Kurssit ovat Suomen Punaisen Ristin EFAC-sertifioituja ja niist\u00e4 saa SPR:n virallisen kurssitodistuksen. Rekister\u00f6imme kurssisuoritukset ja p\u00e4tevyydet Suomen Punaisen Ristin p\u00e4tevyysrekisterin. Kouluttajamme tulee yrityksen omiin tiloihin tai toisin sovittuun [&hellip;]\" \/>\n<meta property=\"og:url\" content=\"https:\/\/firstaidoksanen.fi\/fi\/meista\/\" \/>\n<meta property=\"og:site_name\" content=\"First Aid Oksanen\" \/>\n<meta property=\"article:modified_time\" content=\"2026-03-28T08:20:20+00:00\" \/>\n<meta property=\"og:image\" content=\"https:\/\/firstaidoksanen.fi\/wp-content\/uploads\/2026\/03\/1000050531-scaled.jpg\" \/>\n\t<meta property=\"og:image:width\" content=\"788\" \/>\n\t<meta property=\"og:image:height\" content=\"1050\" \/>\n\t<meta property=\"og:image:type\" content=\"image\/jpeg\" \/>\n<meta name=\"twitter:card\" content=\"summary_large_image\" \/>\n<meta name=\"twitter:label1\" content=\"Arvioitu lukuaika\" \/>\n\t<meta name=\"twitter:data1\" content=\"3 minuuttia\" \/>\n<script type=\"application\/ld+json\" class=\"yoast-schema-graph\">{\"@context\":\"https:\/\/schema.org\",\"@graph\":[{\"@type\":\"WebPage\",\"@id\":\"https:\/\/firstaidoksanen.fi\/meista\/\",\"url\":\"https:\/\/firstaidoksanen.fi\/meista\/\",\"name\":\"Meist\u00e4 - First Aid Oksanen\",\"isPartOf\":{\"@id\":\"https:\/\/firstaidoksanen.fi\/#website\"},\"primaryImageOfPage\":{\"@id\":\"https:\/\/firstaidoksanen.fi\/meista\/#primaryimage\"},\"image\":{\"@id\":\"https:\/\/firstaidoksanen.fi\/meista\/#primaryimage\"},\"thumbnailUrl\":\"https:\/\/firstaidoksanen.fi\/wp-content\/uploads\/2026\/03\/1000050531-scaled.jpg\",\"datePublished\":\"2026-02-28T13:16:36+00:00\",\"dateModified\":\"2026-03-28T08:20:20+00:00\",\"breadcrumb\":{\"@id\":\"https:\/\/firstaidoksanen.fi\/meista\/#breadcrumb\"},\"inLanguage\":\"fi\",\"potentialAction\":[{\"@type\":\"ReadAction\",\"target\":[\"https:\/\/firstaidoksanen.fi\/meista\/\"]}]},{\"@type\":\"ImageObject\",\"inLanguage\":\"fi\",\"@id\":\"https:\/\/firstaidoksanen.fi\/meista\/#primaryimage\",\"url\":\"https:\/\/firstaidoksanen.fi\/wp-content\/uploads\/2026\/03\/1000050531-scaled.jpg\",\"contentUrl\":\"https:\/\/firstaidoksanen.fi\/wp-content\/uploads\/2026\/03\/1000050531-scaled.jpg\"},{\"@type\":\"BreadcrumbList\",\"@id\":\"https:\/\/firstaidoksanen.fi\/meista\/#breadcrumb\",\"itemListElement\":[{\"@type\":\"ListItem\",\"position\":1,\"name\":\"Etusivu\",\"item\":\"https:\/\/firstaidoksanen.fi\/\"},{\"@type\":\"ListItem\",\"position\":2,\"name\":\"Meist\u00e4\"}]},{\"@type\":\"WebSite\",\"@id\":\"https:\/\/firstaidoksanen.fi\/#website\",\"url\":\"https:\/\/firstaidoksanen.fi\/\",\"name\":\"First Aid Oksanen\",\"description\":\"Ensiapukoulutusta\",\"publisher\":{\"@id\":\"https:\/\/firstaidoksanen.fi\/#organization\"},\"potentialAction\":[{\"@type\":\"SearchAction\",\"target\":{\"@type\":\"EntryPoint\",\"urlTemplate\":\"https:\/\/firstaidoksanen.fi\/?s={search_term_string}\"},\"query-input\":{\"@type\":\"PropertyValueSpecification\",\"valueRequired\":true,\"valueName\":\"search_term_string\"}}],\"inLanguage\":\"fi\"},{\"@type\":\"Organization\",\"@id\":\"https:\/\/firstaidoksanen.fi\/#organization\",\"name\":\"First Aid Oksanen\",\"url\":\"https:\/\/firstaidoksanen.fi\/\",\"logo\":{\"@type\":\"ImageObject\",\"inLanguage\":\"fi\",\"@id\":\"https:\/\/firstaidoksanen.fi\/#\/schema\/logo\/image\/\",\"url\":\"https:\/\/firstaidoksanen.fi\/wp-content\/uploads\/2026\/02\/Logo-FINAL.jpeg\",\"contentUrl\":\"https:\/\/firstaidoksanen.fi\/wp-content\/uploads\/2026\/02\/Logo-FINAL.jpeg\",\"width\":887,\"height\":452,\"caption\":\"First Aid Oksanen\"},\"image\":{\"@id\":\"https:\/\/firstaidoksanen.fi\/#\/schema\/logo\/image\/\"}}]}<\/script>\n<!-- \/ Yoast SEO plugin. -->","yoast_head_json":{"title":"Meist\u00e4 - First Aid Oksanen","robots":{"index":"index","follow":"follow","max-snippet":"max-snippet:-1","max-image-preview":"max-image-preview:large","max-video-preview":"max-video-preview:-1"},"canonical":"https:\/\/firstaidoksanen.fi\/fi\/meista\/","og_locale":"fi_FI","og_type":"article","og_title":"Meist\u00e4 - First Aid Oksanen","og_description":"First Aid Oksanen Oy Meist\u00e4 J\u00e4rjest\u00e4mme ensiapukoulutusta yrityksille ja yhteis\u00f6ille yli kymmenen vuoden kokemuksella. Koulutusvalikoimamme on laaja &#8211; saat kauttamme niin h\u00e4t\u00e4ensiapu-, kuin ensiavun perus- ja jatkokurssit. Kurssit ovat Suomen Punaisen Ristin EFAC-sertifioituja ja niist\u00e4 saa SPR:n virallisen kurssitodistuksen. Rekister\u00f6imme kurssisuoritukset ja p\u00e4tevyydet Suomen Punaisen Ristin p\u00e4tevyysrekisterin. Kouluttajamme tulee yrityksen omiin tiloihin tai toisin sovittuun [&hellip;]","og_url":"https:\/\/firstaidoksanen.fi\/fi\/meista\/","og_site_name":"First Aid Oksanen","article_modified_time":"2026-03-28T08:20:20+00:00","og_image":[{"width":788,"height":1050,"url":"https:\/\/firstaidoksanen.fi\/wp-content\/uploads\/2026\/03\/1000050531-scaled.jpg","type":"image\/jpeg"}],"twitter_card":"summary_large_image","twitter_misc":{"Arvioitu lukuaika":"3 minuuttia"},"schema":{"@context":"https:\/\/schema.org","@graph":[{"@type":"WebPage","@id":"https:\/\/firstaidoksanen.fi\/meista\/","url":"https:\/\/firstaidoksanen.fi\/meista\/","name":"Meist\u00e4 - First Aid Oksanen","isPartOf":{"@id":"https:\/\/firstaidoksanen.fi\/#website"},"primaryImageOfPage":{"@id":"https:\/\/firstaidoksanen.fi\/meista\/#primaryimage"},"image":{"@id":"https:\/\/firstaidoksanen.fi\/meista\/#primaryimage"},"thumbnailUrl":"https:\/\/firstaidoksanen.fi\/wp-content\/uploads\/2026\/03\/1000050531-scaled.jpg","datePublished":"2026-02-28T13:16:36+00:00","dateModified":"2026-03-28T08:20:20+00:00","breadcrumb":{"@id":"https:\/\/firstaidoksanen.fi\/meista\/#breadcrumb"},"inLanguage":"fi","potentialAction":[{"@type":"ReadAction","target":["https:\/\/firstaidoksanen.fi\/meista\/"]}]},{"@type":"ImageObject","inLanguage":"fi","@id":"https:\/\/firstaidoksanen.fi\/meista\/#primaryimage","url":"https:\/\/firstaidoksanen.fi\/wp-content\/uploads\/2026\/03\/1000050531-scaled.jpg","contentUrl":"https:\/\/firstaidoksanen.fi\/wp-content\/uploads\/2026\/03\/1000050531-scaled.jpg"},{"@type":"BreadcrumbList","@id":"https:\/\/firstaidoksanen.fi\/meista\/#breadcrumb","itemListElement":[{"@type":"ListItem","position":1,"name":"Etusivu","item":"https:\/\/firstaidoksanen.fi\/"},{"@type":"ListItem","position":2,"name":"Meist\u00e4"}]},{"@type":"WebSite","@id":"https:\/\/firstaidoksanen.fi\/#website","url":"https:\/\/firstaidoksanen.fi\/","name":"First Aid Oksanen","description":"Ensiapukoulutusta","publisher":{"@id":"https:\/\/firstaidoksanen.fi\/#organization"},"potentialAction":[{"@type":"SearchAction","target":{"@type":"EntryPoint","urlTemplate":"https:\/\/firstaidoksanen.fi\/?s={search_term_string}"},"query-input":{"@type":"PropertyValueSpecification","valueRequired":true,"valueName":"search_term_string"}}],"inLanguage":"fi"},{"@type":"Organization","@id":"https:\/\/firstaidoksanen.fi\/#organization","name":"First Aid Oksanen","url":"https:\/\/firstaidoksanen.fi\/","logo":{"@type":"ImageObject","inLanguage":"fi","@id":"https:\/\/firstaidoksanen.fi\/#\/schema\/logo\/image\/","url":"https:\/\/firstaidoksanen.fi\/wp-content\/uploads\/2026\/02\/Logo-FINAL.jpeg","contentUrl":"https:\/\/firstaidoksanen.fi\/wp-content\/uploads\/2026\/02\/Logo-FINAL.jpeg","width":887,"height":452,"caption":"First Aid Oksanen"},"image":{"@id":"https:\/\/firstaidoksanen.fi\/#\/schema\/logo\/image\/"}}]}},"_links":{"self":[{"href":"https:\/\/firstaidoksanen.fi\/fi\/wp-json\/wp\/v2\/pages\/25","targetHints":{"allow":["GET"]}}],"collection":[{"href":"https:\/\/firstaidoksanen.fi\/fi\/wp-json\/wp\/v2\/pages"}],"about":[{"href":"https:\/\/firstaidoksanen.fi\/fi\/wp-json\/wp\/v2\/types\/page"}],"author":[{"embeddable":true,"href":"https:\/\/firstaidoksanen.fi\/fi\/wp-json\/wp\/v2\/users\/1"}],"replies":[{"embeddable":true,"href":"https:\/\/firstaidoksanen.fi\/fi\/wp-json\/wp\/v2\/comments?post=25"}],"version-history":[{"count":19,"href":"https:\/\/firstaidoksanen.fi\/fi\/wp-json\/wp\/v2\/pages\/25\/revisions"}],"predecessor-version":[{"id":458,"href":"https:\/\/firstaidoksanen.fi\/fi\/wp-json\/wp\/v2\/pages\/25\/revisions\/458"}],"wp:attachment":[{"href":"https:\/\/firstaidoksanen.fi\/fi\/wp-json\/wp\/v2\/media?parent=25"}],"curies":[{"name":"wp","href":"https:\/\/api.w.org\/{rel}","templated":true}]}}