{"id":31,"date":"2026-02-28T13:17:08","date_gmt":"2026-02-28T13:17:08","guid":{"rendered":"https:\/\/firstaidoksanen.fi\/?page_id=31"},"modified":"2026-03-27T08:03:31","modified_gmt":"2026-03-27T08:03:31","slug":"referenssit","status":"publish","type":"page","link":"https:\/\/firstaidoksanen.fi\/fi\/referenssit\/","title":{"rendered":"Referenssit"},"content":{"rendered":"\t\t<div data-elementor-type=\"wp-page\" data-elementor-id=\"31\" class=\"elementor elementor-31\" data-elementor-post-type=\"page\">\n\t\t\t\t<div class=\"elementor-element elementor-element-dfd20a0 e-flex e-con-boxed e-con e-parent\" data-id=\"dfd20a0\" data-element_type=\"container\" data-e-type=\"container\" data-settings=\"{&quot;background_background&quot;:&quot;classic&quot;}\">\n\t\t\t\t\t<div class=\"e-con-inner\">\n\t\t<div class=\"elementor-element elementor-element-f4774d7 e-con-full e-flex e-con e-child\" data-id=\"f4774d7\" data-element_type=\"container\" data-e-type=\"container\">\n\t\t<div class=\"elementor-element elementor-element-191c13e e-con-full e-flex elementor-invisible e-con e-child\" data-id=\"191c13e\" data-element_type=\"container\" data-e-type=\"container\" data-settings=\"{&quot;animation&quot;:&quot;fadeInRight&quot;}\">\n\t\t\t\t<div class=\"elementor-element elementor-element-7401fa9 elementor-widget__width-initial elementor-widget-divider--view-line elementor-widget elementor-widget-divider\" data-id=\"7401fa9\" data-element_type=\"widget\" data-e-type=\"widget\" data-widget_type=\"divider.default\">\n\t\t\t\t\t\t\t<div class=\"elementor-divider\">\n\t\t\t<span class=\"elementor-divider-separator\">\n\t\t\t\t\t\t<\/span>\n\t\t<\/div>\n\t\t\t\t\t\t<\/div>\n\t\t\t\t<div class=\"elementor-element elementor-element-82ff27c elementor-widget elementor-widget-heading\" data-id=\"82ff27c\" data-element_type=\"widget\" data-e-type=\"widget\" data-widget_type=\"heading.default\">\n\t\t\t\t\t<div class=\"elementor-heading-title elementor-size-default\">First Aid Oksanen Oy<\/div>\t\t\t\t<\/div>\n\t\t\t\t<\/div>\n\t\t\t\t<div class=\"elementor-element elementor-element-324c1fb elementor-invisible elementor-widget elementor-widget-heading\" data-id=\"324c1fb\" data-element_type=\"widget\" data-e-type=\"widget\" data-settings=\"{&quot;_animation&quot;:&quot;fadeInUp&quot;}\" data-widget_type=\"heading.default\">\n\t\t\t\t\t<h1 class=\"elementor-heading-title elementor-size-default\">Referenssit<\/h1>\t\t\t\t<\/div>\n\t\t\t\t<\/div>\n\t\t\t\t\t<\/div>\n\t\t\t\t<\/div>\n\t\t<div class=\"elementor-element elementor-element-628ba5f e-flex e-con-boxed e-con e-parent\" data-id=\"628ba5f\" data-element_type=\"container\" data-e-type=\"container\" data-settings=\"{&quot;background_background&quot;:&quot;classic&quot;}\">\n\t\t\t\t\t<div class=\"e-con-inner\">\n\t\t<div class=\"elementor-element elementor-element-ef4d744 e-con-full e-flex e-con e-child\" data-id=\"ef4d744\" data-element_type=\"container\" data-e-type=\"container\">\n\t\t\t\t<div class=\"elementor-element elementor-element-ce6e92a elementor-position-left elementor-vertical-align-middle elementor-widget elementor-widget-image-box\" data-id=\"ce6e92a\" data-element_type=\"widget\" data-e-type=\"widget\" data-widget_type=\"image-box.default\">\n\t\t\t\t\t<div class=\"elementor-image-box-wrapper\"><figure class=\"elementor-image-box-img\"><img decoding=\"async\" width=\"221\" height=\"217\" src=\"https:\/\/firstaidoksanen.fi\/wp-content\/uploads\/2026\/03\/Nayttokuva-2026-03-26-092853.png\" class=\"attachment-full size-full wp-image-393\" alt=\"\" srcset=\"https:\/\/firstaidoksanen.fi\/wp-content\/uploads\/2026\/03\/Nayttokuva-2026-03-26-092853.png 221w, https:\/\/firstaidoksanen.fi\/wp-content\/uploads\/2026\/03\/Nayttokuva-2026-03-26-092853-12x12.png 12w\" sizes=\"(max-width: 221px) 100vw, 221px\" \/><\/figure><div class=\"elementor-image-box-content\"><h2 class=\"elementor-image-box-title\">Ekyl ry - Espoon kaupunginosayhdistysten liitto ry <\/h2><\/div><\/div>\t\t\t\t<\/div>\n\t\t\t\t<div class=\"elementor-element elementor-element-ef04259 elementor-widget elementor-widget-text-editor\" data-id=\"ef04259\" data-element_type=\"widget\" data-e-type=\"widget\" data-widget_type=\"text-editor.default\">\n\t\t\t\t\t\t\t\t\t<div dir=\"auto\"><em>&#8221;Rina on iloisesti asiansa osaava, loistava ensiapukouluttaja. H\u00e4n saa ihmiset innostumaan, harjoittelemaan ja oppimaan. Voin suositella l\u00e4mpim\u00e4sti.&#8221;<\/em><\/div><div dir=\"auto\">\u00a0<\/div><div dir=\"auto\"><strong>Juhana P\u00e4iv\u00e4rinta, j\u00e4rjest\u00f6sihteeri, Espoon kaupunginosayhdistysten Liitto ry, EKYL<\/strong><\/div>\t\t\t\t\t\t\t\t<\/div>\n\t\t\t\t<\/div>\n\t\t<div class=\"elementor-element elementor-element-a47050e e-con-full e-flex e-con e-child\" data-id=\"a47050e\" data-element_type=\"container\" data-e-type=\"container\">\n\t\t\t\t<div class=\"elementor-element elementor-element-6207458 elementor-position-left elementor-vertical-align-middle elementor-widget elementor-widget-image-box\" data-id=\"6207458\" data-element_type=\"widget\" data-e-type=\"widget\" data-widget_type=\"image-box.default\">\n\t\t\t\t\t<div class=\"elementor-image-box-wrapper\"><figure class=\"elementor-image-box-img\"><img fetchpriority=\"high\" decoding=\"async\" width=\"418\" height=\"598\" src=\"https:\/\/firstaidoksanen.fi\/wp-content\/uploads\/2026\/03\/cropped-hepsy-logo-musta.webp\" class=\"attachment-full size-full wp-image-411\" alt=\"\" srcset=\"https:\/\/firstaidoksanen.fi\/wp-content\/uploads\/2026\/03\/cropped-hepsy-logo-musta.webp 418w, https:\/\/firstaidoksanen.fi\/wp-content\/uploads\/2026\/03\/cropped-hepsy-logo-musta-210x300.webp 210w, https:\/\/firstaidoksanen.fi\/wp-content\/uploads\/2026\/03\/cropped-hepsy-logo-musta-8x12.webp 8w\" sizes=\"(max-width: 418px) 100vw, 418px\" \/><\/figure><div class=\"elementor-image-box-content\"><h2 class=\"elementor-image-box-title\">Helsingin Psykologiyhdistys ry<\/h2><\/div><\/div>\t\t\t\t<\/div>\n\t\t\t\t<div class=\"elementor-element elementor-element-06e9996 elementor-widget elementor-widget-text-editor\" data-id=\"06e9996\" data-element_type=\"widget\" data-e-type=\"widget\" data-widget_type=\"text-editor.default\">\n\t\t\t\t\t\t\t\t\t<div dir=\"auto\"><em>&#8221;Eritt\u00e4in l\u00e4mmin suositus. Tekem\u00e4ll\u00e4 oppii parhaiten ja kurssilla sai menetelmien tueksi my\u00f6s selityksen siit\u00e4, miksi asia tehd\u00e4\u00e4n siten kuin tehd\u00e4\u00e4n. Ammattitaitoinen, mutta rennon inhimillinen kouluttaja.&#8221;<\/em><\/div><div dir=\"auto\">\u00a0<\/div><div dir=\"auto\"><strong>Hanna Kero, Helsingin Psykologiyhdistys ry<\/strong><\/div>\t\t\t\t\t\t\t\t<\/div>\n\t\t\t\t<\/div>\n\t\t<div class=\"elementor-element elementor-element-b89ecff e-con-full e-flex e-con e-child\" data-id=\"b89ecff\" data-element_type=\"container\" data-e-type=\"container\">\n\t\t\t\t<div class=\"elementor-element elementor-element-b0db776 elementor-position-left elementor-vertical-align-middle elementor-widget elementor-widget-image-box\" data-id=\"b0db776\" data-element_type=\"widget\" data-e-type=\"widget\" data-widget_type=\"image-box.default\">\n\t\t\t\t\t<div class=\"elementor-image-box-wrapper\"><figure class=\"elementor-image-box-img\"><img decoding=\"async\" width=\"569\" height=\"513\" src=\"https:\/\/firstaidoksanen.fi\/wp-content\/uploads\/2026\/03\/Hyte-logo-.jpg\" class=\"attachment-full size-full wp-image-414\" alt=\"\" srcset=\"https:\/\/firstaidoksanen.fi\/wp-content\/uploads\/2026\/03\/Hyte-logo-.jpg 569w, https:\/\/firstaidoksanen.fi\/wp-content\/uploads\/2026\/03\/Hyte-logo--300x270.jpg 300w, https:\/\/firstaidoksanen.fi\/wp-content\/uploads\/2026\/03\/Hyte-logo--13x12.jpg 13w\" sizes=\"(max-width: 569px) 100vw, 569px\" \/><\/figure><div class=\"elementor-image-box-content\"><h2 class=\"elementor-image-box-title\">HyTe ry - Hyvinvoinnin ja terveyden puolesta<\/h2><\/div><\/div>\t\t\t\t<\/div>\n\t\t\t\t<div class=\"elementor-element elementor-element-1397d04 elementor-widget elementor-widget-text-editor\" data-id=\"1397d04\" data-element_type=\"widget\" data-e-type=\"widget\" data-widget_type=\"text-editor.default\">\n\t\t\t\t\t\t\t\t\t<div dir=\"auto\"><em>&#8221;Suoritimme Rinan johdolla ty\u00f6porukassa SPR:n 4-tuntisen h\u00e4t\u00e4ensiapukurssin. Aloitimme onnettomuus-casella, jossa ymm\u00e4rsimme systemaattisen toiminnan merkityksen ja opimme priorisointia h\u00e4t\u00e4tilanteessa: mik\u00e4 on kaikkein kiireisint\u00e4 ja mik\u00e4 voi odottaa.<br \/>Rina oli kouluttajana eritt\u00e4in asiantunteva, napakka ja huumorintajuinen. H\u00e4n pystyi luomaan ymp\u00e4rist\u00f6\u00e4 turvalliseksi, jotta ujoimmatkin rohkenivat kysy\u00e4 ja toimia. Vankan asiantuntemuksen ja pitk\u00e4n kokemuksen lis\u00e4ksi Rinan pedagoginen osaaminen vahvisti hyv\u00e4\u00e4 oppimiskokemustamme. Kurssi toimi hyvin my\u00f6s ryhm\u00e4ytt\u00e4j\u00e4n\u00e4.<br \/><\/em><\/div><div dir=\"auto\">\u00a0<\/div><div dir=\"auto\"><em>Suosittelen Rina Oksasta ensiapukouluttajana ja h\u00e4t\u00e4ensiapukurssia ja sen kertausta tai jatkoja kaikille! Tilanteita tulee eteen niin ty\u00f6- kuin yksityisel\u00e4m\u00e4ss\u00e4, ja on kullanarvoista osata toimia ripe\u00e4sti ja oikein.&#8221;<\/em><\/div><div dir=\"auto\">\u00a0<\/div><div dir=\"auto\"><strong>Milla Kajanne, J\u00e4rjest\u00f6asiantuntija, HyTe ry<\/strong><\/div>\t\t\t\t\t\t\t\t<\/div>\n\t\t\t\t<\/div>\n\t\t<div class=\"elementor-element elementor-element-ab7c5cd e-con-full e-flex e-con e-child\" data-id=\"ab7c5cd\" data-element_type=\"container\" data-e-type=\"container\">\n\t\t\t\t<div class=\"elementor-element elementor-element-a1e3e36 elementor-position-left elementor-vertical-align-middle elementor-widget elementor-widget-image-box\" data-id=\"a1e3e36\" data-element_type=\"widget\" data-e-type=\"widget\" data-widget_type=\"image-box.default\">\n\t\t\t\t\t<div class=\"elementor-image-box-wrapper\"><figure class=\"elementor-image-box-img\"><img loading=\"lazy\" decoding=\"async\" width=\"200\" height=\"200\" src=\"https:\/\/firstaidoksanen.fi\/wp-content\/uploads\/2026\/03\/unnamed-8.jpg\" class=\"attachment-full size-full wp-image-415\" alt=\"\" srcset=\"https:\/\/firstaidoksanen.fi\/wp-content\/uploads\/2026\/03\/unnamed-8.jpg 200w, https:\/\/firstaidoksanen.fi\/wp-content\/uploads\/2026\/03\/unnamed-8-150x150.jpg 150w, https:\/\/firstaidoksanen.fi\/wp-content\/uploads\/2026\/03\/unnamed-8-12x12.jpg 12w\" sizes=\"(max-width: 200px) 100vw, 200px\" \/><\/figure><div class=\"elementor-image-box-content\"><h2 class=\"elementor-image-box-title\">Oulunkyl\u00e4n K\u00e4skynhaltijat ry<\/h2><\/div><\/div>\t\t\t\t<\/div>\n\t\t\t\t<div class=\"elementor-element elementor-element-a01b892 elementor-widget elementor-widget-text-editor\" data-id=\"a01b892\" data-element_type=\"widget\" data-e-type=\"widget\" data-widget_type=\"text-editor.default\">\n\t\t\t\t\t\t\t\t\t<div dir=\"auto\"><em>&#8221;K\u00e4yt\u00e4nn\u00f6nl\u00e4heist\u00e4 ja toiminnallista koulutusta kalvosulkeisten sijaan. Monen asian tajuaa kunnolla vasta itse tehdess\u00e4 &#8211; t\u00e4ll\u00e4 kurssilla p\u00e4\u00e4si kokeilemaan k\u00e4yt\u00e4nn\u00f6ss\u00e4 esimerkiksi potilaan siirtoa, defibrillattorin k\u00e4ytt\u00f6\u00e4 ja elvytyst\u00e4.<\/em><em>&#8221;<\/em><\/div><div dir=\"auto\">\u00a0<\/div><div dir=\"auto\"><strong>Aura Suviranta, Oulunkyl\u00e4n K\u00e4skynhaltijat ry<\/strong><\/div>\t\t\t\t\t\t\t\t<\/div>\n\t\t\t\t<\/div>\n\t\t\t\t\t<\/div>\n\t\t\t\t<\/div>\n\t\t\t\t<\/div>\n\t\t","protected":false},"excerpt":{"rendered":"<p>First Aid Oksanen Oy Referenssit Ekyl ry &#8211; Espoon kaupunginosayhdistysten liitto ry &#8221;Rina on iloisesti asiansa osaava, loistava ensiapukouluttaja. H\u00e4n saa ihmiset innostumaan, harjoittelemaan ja oppimaan. Voin suositella l\u00e4mpim\u00e4sti.&#8221;\u00a0Juhana P\u00e4iv\u00e4rinta, j\u00e4rjest\u00f6sihteeri, Espoon kaupunginosayhdistysten Liitto ry, EKYL Helsingin Psykologiyhdistys ry &#8221;Eritt\u00e4in l\u00e4mmin suositus. Tekem\u00e4ll\u00e4 oppii parhaiten ja kurssilla sai menetelmien tueksi my\u00f6s selityksen siit\u00e4, miksi asia [&hellip;]<\/p>\n","protected":false},"author":1,"featured_media":0,"parent":0,"menu_order":0,"comment_status":"closed","ping_status":"closed","template":"","meta":{"footnotes":""},"class_list":["post-31","page","type-page","status-publish","hentry"],"yoast_head":"<!-- This site is optimized with the Yoast SEO plugin v27.2 - https:\/\/yoast.com\/product\/yoast-seo-wordpress\/ -->\n<title>Referenssit - First Aid Oksanen<\/title>\n<meta name=\"robots\" content=\"index, follow, max-snippet:-1, max-image-preview:large, max-video-preview:-1\" \/>\n<link rel=\"canonical\" href=\"https:\/\/firstaidoksanen.fi\/fi\/referenssit\/\" \/>\n<meta property=\"og:locale\" content=\"fi_FI\" \/>\n<meta property=\"og:type\" content=\"article\" \/>\n<meta property=\"og:title\" content=\"Referenssit - First Aid Oksanen\" \/>\n<meta property=\"og:description\" content=\"First Aid Oksanen Oy Referenssit Ekyl ry &#8211; Espoon kaupunginosayhdistysten liitto ry &#8221;Rina on iloisesti asiansa osaava, loistava ensiapukouluttaja. H\u00e4n saa ihmiset innostumaan, harjoittelemaan ja oppimaan. Voin suositella l\u00e4mpim\u00e4sti.&#8221;\u00a0Juhana P\u00e4iv\u00e4rinta, j\u00e4rjest\u00f6sihteeri, Espoon kaupunginosayhdistysten Liitto ry, EKYL Helsingin Psykologiyhdistys ry &#8221;Eritt\u00e4in l\u00e4mmin suositus. Tekem\u00e4ll\u00e4 oppii parhaiten ja kurssilla sai menetelmien tueksi my\u00f6s selityksen siit\u00e4, miksi asia [&hellip;]\" \/>\n<meta property=\"og:url\" content=\"https:\/\/firstaidoksanen.fi\/fi\/referenssit\/\" \/>\n<meta property=\"og:site_name\" content=\"First Aid Oksanen\" \/>\n<meta property=\"article:modified_time\" content=\"2026-03-27T08:03:31+00:00\" \/>\n<meta property=\"og:image\" content=\"https:\/\/firstaidoksanen.fi\/wp-content\/uploads\/2026\/03\/Nayttokuva-2026-03-26-092853.png\" \/>\n\t<meta property=\"og:image:width\" content=\"221\" \/>\n\t<meta property=\"og:image:height\" content=\"217\" \/>\n\t<meta property=\"og:image:type\" content=\"image\/png\" \/>\n<meta name=\"twitter:card\" content=\"summary_large_image\" \/>\n<meta name=\"twitter:label1\" content=\"Arvioitu lukuaika\" \/>\n\t<meta name=\"twitter:data1\" content=\"3 minuuttia\" \/>\n<script type=\"application\/ld+json\" class=\"yoast-schema-graph\">{\"@context\":\"https:\/\/schema.org\",\"@graph\":[{\"@type\":\"WebPage\",\"@id\":\"https:\/\/firstaidoksanen.fi\/fi\/referenssit\/\",\"url\":\"https:\/\/firstaidoksanen.fi\/fi\/referenssit\/\",\"name\":\"Referenssit - First Aid Oksanen\",\"isPartOf\":{\"@id\":\"https:\/\/firstaidoksanen.fi\/#website\"},\"primaryImageOfPage\":{\"@id\":\"https:\/\/firstaidoksanen.fi\/fi\/referenssit\/#primaryimage\"},\"image\":{\"@id\":\"https:\/\/firstaidoksanen.fi\/fi\/referenssit\/#primaryimage\"},\"thumbnailUrl\":\"https:\/\/firstaidoksanen.fi\/wp-content\/uploads\/2026\/03\/Nayttokuva-2026-03-26-092853.png\",\"datePublished\":\"2026-02-28T13:17:08+00:00\",\"dateModified\":\"2026-03-27T08:03:31+00:00\",\"breadcrumb\":{\"@id\":\"https:\/\/firstaidoksanen.fi\/fi\/referenssit\/#breadcrumb\"},\"inLanguage\":\"fi\",\"potentialAction\":[{\"@type\":\"ReadAction\",\"target\":[\"https:\/\/firstaidoksanen.fi\/fi\/referenssit\/\"]}]},{\"@type\":\"ImageObject\",\"inLanguage\":\"fi\",\"@id\":\"https:\/\/firstaidoksanen.fi\/fi\/referenssit\/#primaryimage\",\"url\":\"https:\/\/firstaidoksanen.fi\/wp-content\/uploads\/2026\/03\/Nayttokuva-2026-03-26-092853.png\",\"contentUrl\":\"https:\/\/firstaidoksanen.fi\/wp-content\/uploads\/2026\/03\/Nayttokuva-2026-03-26-092853.png\"},{\"@type\":\"BreadcrumbList\",\"@id\":\"https:\/\/firstaidoksanen.fi\/fi\/referenssit\/#breadcrumb\",\"itemListElement\":[{\"@type\":\"ListItem\",\"position\":1,\"name\":\"Etusivu\",\"item\":\"https:\/\/firstaidoksanen.fi\/\"},{\"@type\":\"ListItem\",\"position\":2,\"name\":\"Referenssit\"}]},{\"@type\":\"WebSite\",\"@id\":\"https:\/\/firstaidoksanen.fi\/#website\",\"url\":\"https:\/\/firstaidoksanen.fi\/\",\"name\":\"First Aid Oksanen\",\"description\":\"Ensiapukoulutusta\",\"publisher\":{\"@id\":\"https:\/\/firstaidoksanen.fi\/#organization\"},\"potentialAction\":[{\"@type\":\"SearchAction\",\"target\":{\"@type\":\"EntryPoint\",\"urlTemplate\":\"https:\/\/firstaidoksanen.fi\/?s={search_term_string}\"},\"query-input\":{\"@type\":\"PropertyValueSpecification\",\"valueRequired\":true,\"valueName\":\"search_term_string\"}}],\"inLanguage\":\"fi\"},{\"@type\":\"Organization\",\"@id\":\"https:\/\/firstaidoksanen.fi\/#organization\",\"name\":\"First Aid Oksanen\",\"url\":\"https:\/\/firstaidoksanen.fi\/\",\"logo\":{\"@type\":\"ImageObject\",\"inLanguage\":\"fi\",\"@id\":\"https:\/\/firstaidoksanen.fi\/#\/schema\/logo\/image\/\",\"url\":\"https:\/\/firstaidoksanen.fi\/wp-content\/uploads\/2026\/02\/Logo-FINAL.jpeg\",\"contentUrl\":\"https:\/\/firstaidoksanen.fi\/wp-content\/uploads\/2026\/02\/Logo-FINAL.jpeg\",\"width\":887,\"height\":452,\"caption\":\"First Aid Oksanen\"},\"image\":{\"@id\":\"https:\/\/firstaidoksanen.fi\/#\/schema\/logo\/image\/\"}}]}<\/script>\n<!-- \/ Yoast SEO plugin. -->","yoast_head_json":{"title":"Referenssit - First Aid Oksanen","robots":{"index":"index","follow":"follow","max-snippet":"max-snippet:-1","max-image-preview":"max-image-preview:large","max-video-preview":"max-video-preview:-1"},"canonical":"https:\/\/firstaidoksanen.fi\/fi\/referenssit\/","og_locale":"fi_FI","og_type":"article","og_title":"Referenssit - First Aid Oksanen","og_description":"First Aid Oksanen Oy Referenssit Ekyl ry &#8211; Espoon kaupunginosayhdistysten liitto ry &#8221;Rina on iloisesti asiansa osaava, loistava ensiapukouluttaja. H\u00e4n saa ihmiset innostumaan, harjoittelemaan ja oppimaan. Voin suositella l\u00e4mpim\u00e4sti.&#8221;\u00a0Juhana P\u00e4iv\u00e4rinta, j\u00e4rjest\u00f6sihteeri, Espoon kaupunginosayhdistysten Liitto ry, EKYL Helsingin Psykologiyhdistys ry &#8221;Eritt\u00e4in l\u00e4mmin suositus. Tekem\u00e4ll\u00e4 oppii parhaiten ja kurssilla sai menetelmien tueksi my\u00f6s selityksen siit\u00e4, miksi asia [&hellip;]","og_url":"https:\/\/firstaidoksanen.fi\/fi\/referenssit\/","og_site_name":"First Aid Oksanen","article_modified_time":"2026-03-27T08:03:31+00:00","og_image":[{"width":221,"height":217,"url":"https:\/\/firstaidoksanen.fi\/wp-content\/uploads\/2026\/03\/Nayttokuva-2026-03-26-092853.png","type":"image\/png"}],"twitter_card":"summary_large_image","twitter_misc":{"Arvioitu lukuaika":"3 minuuttia"},"schema":{"@context":"https:\/\/schema.org","@graph":[{"@type":"WebPage","@id":"https:\/\/firstaidoksanen.fi\/fi\/referenssit\/","url":"https:\/\/firstaidoksanen.fi\/fi\/referenssit\/","name":"Referenssit - First Aid Oksanen","isPartOf":{"@id":"https:\/\/firstaidoksanen.fi\/#website"},"primaryImageOfPage":{"@id":"https:\/\/firstaidoksanen.fi\/fi\/referenssit\/#primaryimage"},"image":{"@id":"https:\/\/firstaidoksanen.fi\/fi\/referenssit\/#primaryimage"},"thumbnailUrl":"https:\/\/firstaidoksanen.fi\/wp-content\/uploads\/2026\/03\/Nayttokuva-2026-03-26-092853.png","datePublished":"2026-02-28T13:17:08+00:00","dateModified":"2026-03-27T08:03:31+00:00","breadcrumb":{"@id":"https:\/\/firstaidoksanen.fi\/fi\/referenssit\/#breadcrumb"},"inLanguage":"fi","potentialAction":[{"@type":"ReadAction","target":["https:\/\/firstaidoksanen.fi\/fi\/referenssit\/"]}]},{"@type":"ImageObject","inLanguage":"fi","@id":"https:\/\/firstaidoksanen.fi\/fi\/referenssit\/#primaryimage","url":"https:\/\/firstaidoksanen.fi\/wp-content\/uploads\/2026\/03\/Nayttokuva-2026-03-26-092853.png","contentUrl":"https:\/\/firstaidoksanen.fi\/wp-content\/uploads\/2026\/03\/Nayttokuva-2026-03-26-092853.png"},{"@type":"BreadcrumbList","@id":"https:\/\/firstaidoksanen.fi\/fi\/referenssit\/#breadcrumb","itemListElement":[{"@type":"ListItem","position":1,"name":"Etusivu","item":"https:\/\/firstaidoksanen.fi\/"},{"@type":"ListItem","position":2,"name":"Referenssit"}]},{"@type":"WebSite","@id":"https:\/\/firstaidoksanen.fi\/#website","url":"https:\/\/firstaidoksanen.fi\/","name":"First Aid Oksanen","description":"Ensiapukoulutusta","publisher":{"@id":"https:\/\/firstaidoksanen.fi\/#organization"},"potentialAction":[{"@type":"SearchAction","target":{"@type":"EntryPoint","urlTemplate":"https:\/\/firstaidoksanen.fi\/?s={search_term_string}"},"query-input":{"@type":"PropertyValueSpecification","valueRequired":true,"valueName":"search_term_string"}}],"inLanguage":"fi"},{"@type":"Organization","@id":"https:\/\/firstaidoksanen.fi\/#organization","name":"First Aid Oksanen","url":"https:\/\/firstaidoksanen.fi\/","logo":{"@type":"ImageObject","inLanguage":"fi","@id":"https:\/\/firstaidoksanen.fi\/#\/schema\/logo\/image\/","url":"https:\/\/firstaidoksanen.fi\/wp-content\/uploads\/2026\/02\/Logo-FINAL.jpeg","contentUrl":"https:\/\/firstaidoksanen.fi\/wp-content\/uploads\/2026\/02\/Logo-FINAL.jpeg","width":887,"height":452,"caption":"First Aid Oksanen"},"image":{"@id":"https:\/\/firstaidoksanen.fi\/#\/schema\/logo\/image\/"}}]}},"_links":{"self":[{"href":"https:\/\/firstaidoksanen.fi\/fi\/wp-json\/wp\/v2\/pages\/31","targetHints":{"allow":["GET"]}}],"collection":[{"href":"https:\/\/firstaidoksanen.fi\/fi\/wp-json\/wp\/v2\/pages"}],"about":[{"href":"https:\/\/firstaidoksanen.fi\/fi\/wp-json\/wp\/v2\/types\/page"}],"author":[{"embeddable":true,"href":"https:\/\/firstaidoksanen.fi\/fi\/wp-json\/wp\/v2\/users\/1"}],"replies":[{"embeddable":true,"href":"https:\/\/firstaidoksanen.fi\/fi\/wp-json\/wp\/v2\/comments?post=31"}],"version-history":[{"count":7,"href":"https:\/\/firstaidoksanen.fi\/fi\/wp-json\/wp\/v2\/pages\/31\/revisions"}],"predecessor-version":[{"id":418,"href":"https:\/\/firstaidoksanen.fi\/fi\/wp-json\/wp\/v2\/pages\/31\/revisions\/418"}],"wp:attachment":[{"href":"https:\/\/firstaidoksanen.fi\/fi\/wp-json\/wp\/v2\/media?parent=31"}],"curies":[{"name":"wp","href":"https:\/\/api.w.org\/{rel}","templated":true}]}}