{"id":33,"date":"2026-02-28T13:17:22","date_gmt":"2026-02-28T13:17:22","guid":{"rendered":"https:\/\/firstaidoksanen.fi\/?page_id=33"},"modified":"2026-03-27T07:44:41","modified_gmt":"2026-03-27T07:44:41","slug":"ensiapukoulutus-usein-kysytyt-kysymykset","status":"publish","type":"page","link":"https:\/\/firstaidoksanen.fi\/fi\/ensiapukoulutus-usein-kysytyt-kysymykset\/","title":{"rendered":"Ensiapukoulutus &#8211; Usein kysytyt kysymykset"},"content":{"rendered":"\t\t<div data-elementor-type=\"wp-page\" data-elementor-id=\"33\" class=\"elementor elementor-33\" data-elementor-post-type=\"page\">\n\t\t\t\t<div class=\"elementor-element elementor-element-9a5329f e-flex e-con-boxed e-con e-parent\" data-id=\"9a5329f\" data-element_type=\"container\" data-e-type=\"container\" data-settings=\"{&quot;background_background&quot;:&quot;classic&quot;}\">\n\t\t\t\t\t<div class=\"e-con-inner\">\n\t\t<div class=\"elementor-element elementor-element-1d4693e e-con-full e-flex e-con e-child\" data-id=\"1d4693e\" data-element_type=\"container\" data-e-type=\"container\">\n\t\t<div class=\"elementor-element elementor-element-a62c940 e-con-full e-flex elementor-invisible e-con e-child\" data-id=\"a62c940\" data-element_type=\"container\" data-e-type=\"container\" data-settings=\"{&quot;animation&quot;:&quot;fadeInRight&quot;}\">\n\t\t\t\t<div class=\"elementor-element elementor-element-3787ac4 elementor-widget__width-initial elementor-widget-divider--view-line elementor-widget elementor-widget-divider\" data-id=\"3787ac4\" data-element_type=\"widget\" data-e-type=\"widget\" data-widget_type=\"divider.default\">\n\t\t\t\t\t\t\t<div class=\"elementor-divider\">\n\t\t\t<span class=\"elementor-divider-separator\">\n\t\t\t\t\t\t<\/span>\n\t\t<\/div>\n\t\t\t\t\t\t<\/div>\n\t\t\t\t<\/div>\n\t\t\t\t<div class=\"elementor-element elementor-element-572a4d0 elementor-invisible elementor-widget elementor-widget-heading\" data-id=\"572a4d0\" data-element_type=\"widget\" data-e-type=\"widget\" data-settings=\"{&quot;_animation&quot;:&quot;fadeInUp&quot;}\" data-widget_type=\"heading.default\">\n\t\t\t\t\t<h1 class=\"elementor-heading-title elementor-size-default\">Ensiapukoulutus - Usein kysytyt kysymykset<\/h1>\t\t\t\t<\/div>\n\t\t\t\t<\/div>\n\t\t\t\t\t<\/div>\n\t\t\t\t<\/div>\n\t\t<div class=\"elementor-element elementor-element-8919797 e-flex e-con-boxed e-con e-parent\" data-id=\"8919797\" data-element_type=\"container\" data-e-type=\"container\">\n\t\t\t\t\t<div class=\"e-con-inner\">\n\t\t\t\t<div class=\"elementor-element elementor-element-3811759 elementor-widget elementor-widget-n-accordion\" data-id=\"3811759\" data-element_type=\"widget\" data-e-type=\"widget\" data-settings=\"{&quot;default_state&quot;:&quot;expanded&quot;,&quot;max_items_expended&quot;:&quot;one&quot;,&quot;n_accordion_animation_duration&quot;:{&quot;unit&quot;:&quot;ms&quot;,&quot;size&quot;:400,&quot;sizes&quot;:[]}}\" data-widget_type=\"nested-accordion.default\">\n\t\t\t\t\t\t\t<div class=\"e-n-accordion\" aria-label=\"Accordion. Open links with Enter or Space, close with Escape, and navigate with Arrow Keys\">\n\t\t\t\t\t\t<details id=\"e-n-accordion-item-5870\" class=\"e-n-accordion-item\" open>\n\t\t\t\t<summary class=\"e-n-accordion-item-title\" data-accordion-index=\"1\" tabindex=\"0\" aria-expanded=\"true\" aria-controls=\"e-n-accordion-item-5870\" >\n\t\t\t\t\t<span class='e-n-accordion-item-title-header'><h2 class=\"e-n-accordion-item-title-text\"> Kuinka usein ty\u00f6porukan tulee k\u00e4yd\u00e4 ensiapukurssi? <\/h2><\/span>\n\t\t\t\t\t\t\t<span class='e-n-accordion-item-title-icon'>\n\t\t\t<span class='e-opened' ><svg aria-hidden=\"true\" class=\"e-font-icon-svg e-fas-minus\" viewBox=\"0 0 448 512\" xmlns=\"http:\/\/www.w3.org\/2000\/svg\"><path d=\"M416 208H32c-17.67 0-32 14.33-32 32v32c0 17.67 14.33 32 32 32h384c17.67 0 32-14.33 32-32v-32c0-17.67-14.33-32-32-32z\"><\/path><\/svg><\/span>\n\t\t\t<span class='e-closed'><svg aria-hidden=\"true\" class=\"e-font-icon-svg e-fas-plus\" viewBox=\"0 0 448 512\" xmlns=\"http:\/\/www.w3.org\/2000\/svg\"><path d=\"M416 208H272V64c0-17.67-14.33-32-32-32h-32c-17.67 0-32 14.33-32 32v144H32c-17.67 0-32 14.33-32 32v32c0 17.67 14.33 32 32 32h144v144c0 17.67 14.33 32 32 32h32c17.67 0 32-14.33 32-32V304h144c17.67 0 32-14.33 32-32v-32c0-17.67-14.33-32-32-32z\"><\/path><\/svg><\/span>\n\t\t<\/span>\n\n\t\t\t\t\t\t<\/summary>\n\t\t\t\t<div role=\"region\" aria-labelledby=\"e-n-accordion-item-5870\" class=\"elementor-element elementor-element-f1646f0 e-con-full e-flex e-con e-child\" data-id=\"f1646f0\" data-element_type=\"container\" data-e-type=\"container\">\n\t\t\t\t<div class=\"elementor-element elementor-element-b3830d4 elementor-widget elementor-widget-text-editor\" data-id=\"b3830d4\" data-element_type=\"widget\" data-e-type=\"widget\" data-widget_type=\"text-editor.default\">\n\t\t\t\t\t\t\t\t\t<div>Ensiapukurssit ovat aina voimassa kolme vuotta kerrallaan. Ty\u00f6ymp\u00e4rist\u00f6 m\u00e4\u00e4rittelee, tarvitseeko koulutuksia k\u00e4yd\u00e4 esimerkiksi joka vuosi.\u00a0<\/div><div>\u00a0<\/div>\t\t\t\t\t\t\t\t<\/div>\n\t\t\t\t<\/div>\n\t\t\t\t\t<\/details>\n\t\t\t\t\t\t<details id=\"e-n-accordion-item-5871\" class=\"e-n-accordion-item\" >\n\t\t\t\t<summary class=\"e-n-accordion-item-title\" data-accordion-index=\"2\" tabindex=\"-1\" aria-expanded=\"false\" aria-controls=\"e-n-accordion-item-5871\" >\n\t\t\t\t\t<span class='e-n-accordion-item-title-header'><h2 class=\"e-n-accordion-item-title-text\"> Voiko ensiapukurssin pit\u00e4\u00e4 ty\u00f6paikalla ilman, ett\u00e4 tulee matkustaa jonnekin? <\/h2><\/span>\n\t\t\t\t\t\t\t<span class='e-n-accordion-item-title-icon'>\n\t\t\t<span class='e-opened' ><svg aria-hidden=\"true\" class=\"e-font-icon-svg e-fas-minus\" viewBox=\"0 0 448 512\" xmlns=\"http:\/\/www.w3.org\/2000\/svg\"><path d=\"M416 208H32c-17.67 0-32 14.33-32 32v32c0 17.67 14.33 32 32 32h384c17.67 0 32-14.33 32-32v-32c0-17.67-14.33-32-32-32z\"><\/path><\/svg><\/span>\n\t\t\t<span class='e-closed'><svg aria-hidden=\"true\" class=\"e-font-icon-svg e-fas-plus\" viewBox=\"0 0 448 512\" xmlns=\"http:\/\/www.w3.org\/2000\/svg\"><path d=\"M416 208H272V64c0-17.67-14.33-32-32-32h-32c-17.67 0-32 14.33-32 32v144H32c-17.67 0-32 14.33-32 32v32c0 17.67 14.33 32 32 32h144v144c0 17.67 14.33 32 32 32h32c17.67 0 32-14.33 32-32V304h144c17.67 0 32-14.33 32-32v-32c0-17.67-14.33-32-32-32z\"><\/path><\/svg><\/span>\n\t\t<\/span>\n\n\t\t\t\t\t\t<\/summary>\n\t\t\t\t<div role=\"region\" aria-labelledby=\"e-n-accordion-item-5871\" class=\"elementor-element elementor-element-fae330a e-con-full e-flex e-con e-child\" data-id=\"fae330a\" data-element_type=\"container\" data-e-type=\"container\">\n\t\t\t\t<div class=\"elementor-element elementor-element-ec518ac elementor-widget elementor-widget-text-editor\" data-id=\"ec518ac\" data-element_type=\"widget\" data-e-type=\"widget\" data-widget_type=\"text-editor.default\">\n\t\t\t\t\t\t\t\t\t<div><div>Kyll\u00e4! Kouluttajamme tulee paikalle ja kurssi voidaan pit\u00e4\u00e4 tutustuen ty\u00f6paikan ensiapuvarustukseen ja vaaratekij\u00f6ihin.<\/div><\/div>\t\t\t\t\t\t\t\t<\/div>\n\t\t\t\t<\/div>\n\t\t\t\t\t<\/details>\n\t\t\t\t\t<\/div>\n\t\t\t\t\t\t<\/div>\n\t\t\t\t\t<\/div>\n\t\t\t\t<\/div>\n\t\t\t\t<\/div>\n\t\t","protected":false},"excerpt":{"rendered":"<p>Ensiapukoulutus &#8211; Usein kysytyt kysymykset Kuinka usein ty\u00f6porukan tulee k\u00e4yd\u00e4 ensiapukurssi? Ensiapukurssit ovat aina voimassa kolme vuotta kerrallaan. Ty\u00f6ymp\u00e4rist\u00f6 m\u00e4\u00e4rittelee, tarvitseeko koulutuksia k\u00e4yd\u00e4 esimerkiksi joka vuosi.\u00a0\u00a0 Voiko ensiapukurssin pit\u00e4\u00e4 ty\u00f6paikalla ilman, ett\u00e4 tulee matkustaa jonnekin? Kyll\u00e4! Kouluttajamme tulee paikalle ja kurssi voidaan pit\u00e4\u00e4 tutustuen ty\u00f6paikan ensiapuvarustukseen ja vaaratekij\u00f6ihin. Ensiapukurssit ovat aina voimassa kolme vuotta kerrallaan. [&hellip;]<\/p>\n","protected":false},"author":1,"featured_media":0,"parent":0,"menu_order":0,"comment_status":"closed","ping_status":"closed","template":"","meta":{"footnotes":""},"class_list":["post-33","page","type-page","status-publish","hentry"],"yoast_head":"<!-- This site is optimized with the Yoast SEO plugin v27.2 - https:\/\/yoast.com\/product\/yoast-seo-wordpress\/ -->\n<title>Ensiapukoulutus - Usein kysytyt kysymykset - First Aid Oksanen<\/title>\n<meta name=\"robots\" content=\"index, follow, max-snippet:-1, max-image-preview:large, max-video-preview:-1\" \/>\n<link rel=\"canonical\" href=\"https:\/\/firstaidoksanen.fi\/fi\/ensiapukoulutus-usein-kysytyt-kysymykset\/\" \/>\n<meta property=\"og:locale\" content=\"fi_FI\" \/>\n<meta property=\"og:type\" content=\"article\" \/>\n<meta property=\"og:title\" content=\"Ensiapukoulutus - Usein kysytyt kysymykset - First Aid Oksanen\" \/>\n<meta property=\"og:description\" content=\"Ensiapukoulutus &#8211; Usein kysytyt kysymykset Kuinka usein ty\u00f6porukan tulee k\u00e4yd\u00e4 ensiapukurssi? Ensiapukurssit ovat aina voimassa kolme vuotta kerrallaan. Ty\u00f6ymp\u00e4rist\u00f6 m\u00e4\u00e4rittelee, tarvitseeko koulutuksia k\u00e4yd\u00e4 esimerkiksi joka vuosi.\u00a0\u00a0 Voiko ensiapukurssin pit\u00e4\u00e4 ty\u00f6paikalla ilman, ett\u00e4 tulee matkustaa jonnekin? Kyll\u00e4! Kouluttajamme tulee paikalle ja kurssi voidaan pit\u00e4\u00e4 tutustuen ty\u00f6paikan ensiapuvarustukseen ja vaaratekij\u00f6ihin. Ensiapukurssit ovat aina voimassa kolme vuotta kerrallaan. [&hellip;]\" \/>\n<meta property=\"og:url\" content=\"https:\/\/firstaidoksanen.fi\/fi\/ensiapukoulutus-usein-kysytyt-kysymykset\/\" \/>\n<meta property=\"og:site_name\" content=\"First Aid Oksanen\" \/>\n<meta property=\"article:modified_time\" content=\"2026-03-27T07:44:41+00:00\" \/>\n<meta name=\"twitter:card\" content=\"summary_large_image\" \/>\n<meta name=\"twitter:label1\" content=\"Arvioitu lukuaika\" \/>\n\t<meta name=\"twitter:data1\" content=\"1 minuutti\" \/>\n<script type=\"application\/ld+json\" class=\"yoast-schema-graph\">{\"@context\":\"https:\/\/schema.org\",\"@graph\":[{\"@type\":\"WebPage\",\"@id\":\"https:\/\/firstaidoksanen.fi\/fi\/ensiapukoulutus-usein-kysytyt-kysymykset\/\",\"url\":\"https:\/\/firstaidoksanen.fi\/fi\/ensiapukoulutus-usein-kysytyt-kysymykset\/\",\"name\":\"Ensiapukoulutus - Usein kysytyt kysymykset - First Aid Oksanen\",\"isPartOf\":{\"@id\":\"https:\/\/firstaidoksanen.fi\/#website\"},\"datePublished\":\"2026-02-28T13:17:22+00:00\",\"dateModified\":\"2026-03-27T07:44:41+00:00\",\"breadcrumb\":{\"@id\":\"https:\/\/firstaidoksanen.fi\/fi\/ensiapukoulutus-usein-kysytyt-kysymykset\/#breadcrumb\"},\"inLanguage\":\"fi\",\"potentialAction\":[{\"@type\":\"ReadAction\",\"target\":[\"https:\/\/firstaidoksanen.fi\/fi\/ensiapukoulutus-usein-kysytyt-kysymykset\/\"]}]},{\"@type\":\"BreadcrumbList\",\"@id\":\"https:\/\/firstaidoksanen.fi\/fi\/ensiapukoulutus-usein-kysytyt-kysymykset\/#breadcrumb\",\"itemListElement\":[{\"@type\":\"ListItem\",\"position\":1,\"name\":\"Etusivu\",\"item\":\"https:\/\/firstaidoksanen.fi\/\"},{\"@type\":\"ListItem\",\"position\":2,\"name\":\"Ensiapukoulutus &#8211; Usein kysytyt kysymykset\"}]},{\"@type\":\"WebSite\",\"@id\":\"https:\/\/firstaidoksanen.fi\/#website\",\"url\":\"https:\/\/firstaidoksanen.fi\/\",\"name\":\"First Aid Oksanen\",\"description\":\"Ensiapukoulutusta\",\"publisher\":{\"@id\":\"https:\/\/firstaidoksanen.fi\/#organization\"},\"potentialAction\":[{\"@type\":\"SearchAction\",\"target\":{\"@type\":\"EntryPoint\",\"urlTemplate\":\"https:\/\/firstaidoksanen.fi\/?s={search_term_string}\"},\"query-input\":{\"@type\":\"PropertyValueSpecification\",\"valueRequired\":true,\"valueName\":\"search_term_string\"}}],\"inLanguage\":\"fi\"},{\"@type\":\"Organization\",\"@id\":\"https:\/\/firstaidoksanen.fi\/#organization\",\"name\":\"First Aid Oksanen\",\"url\":\"https:\/\/firstaidoksanen.fi\/\",\"logo\":{\"@type\":\"ImageObject\",\"inLanguage\":\"fi\",\"@id\":\"https:\/\/firstaidoksanen.fi\/#\/schema\/logo\/image\/\",\"url\":\"https:\/\/firstaidoksanen.fi\/wp-content\/uploads\/2026\/02\/Logo-FINAL.jpeg\",\"contentUrl\":\"https:\/\/firstaidoksanen.fi\/wp-content\/uploads\/2026\/02\/Logo-FINAL.jpeg\",\"width\":887,\"height\":452,\"caption\":\"First Aid Oksanen\"},\"image\":{\"@id\":\"https:\/\/firstaidoksanen.fi\/#\/schema\/logo\/image\/\"}}]}<\/script>\n<!-- \/ Yoast SEO plugin. -->","yoast_head_json":{"title":"Ensiapukoulutus - Usein kysytyt kysymykset - First Aid Oksanen","robots":{"index":"index","follow":"follow","max-snippet":"max-snippet:-1","max-image-preview":"max-image-preview:large","max-video-preview":"max-video-preview:-1"},"canonical":"https:\/\/firstaidoksanen.fi\/fi\/ensiapukoulutus-usein-kysytyt-kysymykset\/","og_locale":"fi_FI","og_type":"article","og_title":"Ensiapukoulutus - Usein kysytyt kysymykset - First Aid Oksanen","og_description":"Ensiapukoulutus &#8211; Usein kysytyt kysymykset Kuinka usein ty\u00f6porukan tulee k\u00e4yd\u00e4 ensiapukurssi? Ensiapukurssit ovat aina voimassa kolme vuotta kerrallaan. Ty\u00f6ymp\u00e4rist\u00f6 m\u00e4\u00e4rittelee, tarvitseeko koulutuksia k\u00e4yd\u00e4 esimerkiksi joka vuosi.\u00a0\u00a0 Voiko ensiapukurssin pit\u00e4\u00e4 ty\u00f6paikalla ilman, ett\u00e4 tulee matkustaa jonnekin? Kyll\u00e4! Kouluttajamme tulee paikalle ja kurssi voidaan pit\u00e4\u00e4 tutustuen ty\u00f6paikan ensiapuvarustukseen ja vaaratekij\u00f6ihin. Ensiapukurssit ovat aina voimassa kolme vuotta kerrallaan. [&hellip;]","og_url":"https:\/\/firstaidoksanen.fi\/fi\/ensiapukoulutus-usein-kysytyt-kysymykset\/","og_site_name":"First Aid Oksanen","article_modified_time":"2026-03-27T07:44:41+00:00","twitter_card":"summary_large_image","twitter_misc":{"Arvioitu lukuaika":"1 minuutti"},"schema":{"@context":"https:\/\/schema.org","@graph":[{"@type":"WebPage","@id":"https:\/\/firstaidoksanen.fi\/fi\/ensiapukoulutus-usein-kysytyt-kysymykset\/","url":"https:\/\/firstaidoksanen.fi\/fi\/ensiapukoulutus-usein-kysytyt-kysymykset\/","name":"Ensiapukoulutus - Usein kysytyt kysymykset - First Aid Oksanen","isPartOf":{"@id":"https:\/\/firstaidoksanen.fi\/#website"},"datePublished":"2026-02-28T13:17:22+00:00","dateModified":"2026-03-27T07:44:41+00:00","breadcrumb":{"@id":"https:\/\/firstaidoksanen.fi\/fi\/ensiapukoulutus-usein-kysytyt-kysymykset\/#breadcrumb"},"inLanguage":"fi","potentialAction":[{"@type":"ReadAction","target":["https:\/\/firstaidoksanen.fi\/fi\/ensiapukoulutus-usein-kysytyt-kysymykset\/"]}]},{"@type":"BreadcrumbList","@id":"https:\/\/firstaidoksanen.fi\/fi\/ensiapukoulutus-usein-kysytyt-kysymykset\/#breadcrumb","itemListElement":[{"@type":"ListItem","position":1,"name":"Etusivu","item":"https:\/\/firstaidoksanen.fi\/"},{"@type":"ListItem","position":2,"name":"Ensiapukoulutus &#8211; Usein kysytyt kysymykset"}]},{"@type":"WebSite","@id":"https:\/\/firstaidoksanen.fi\/#website","url":"https:\/\/firstaidoksanen.fi\/","name":"First Aid Oksanen","description":"Ensiapukoulutusta","publisher":{"@id":"https:\/\/firstaidoksanen.fi\/#organization"},"potentialAction":[{"@type":"SearchAction","target":{"@type":"EntryPoint","urlTemplate":"https:\/\/firstaidoksanen.fi\/?s={search_term_string}"},"query-input":{"@type":"PropertyValueSpecification","valueRequired":true,"valueName":"search_term_string"}}],"inLanguage":"fi"},{"@type":"Organization","@id":"https:\/\/firstaidoksanen.fi\/#organization","name":"First Aid Oksanen","url":"https:\/\/firstaidoksanen.fi\/","logo":{"@type":"ImageObject","inLanguage":"fi","@id":"https:\/\/firstaidoksanen.fi\/#\/schema\/logo\/image\/","url":"https:\/\/firstaidoksanen.fi\/wp-content\/uploads\/2026\/02\/Logo-FINAL.jpeg","contentUrl":"https:\/\/firstaidoksanen.fi\/wp-content\/uploads\/2026\/02\/Logo-FINAL.jpeg","width":887,"height":452,"caption":"First Aid Oksanen"},"image":{"@id":"https:\/\/firstaidoksanen.fi\/#\/schema\/logo\/image\/"}}]}},"_links":{"self":[{"href":"https:\/\/firstaidoksanen.fi\/fi\/wp-json\/wp\/v2\/pages\/33","targetHints":{"allow":["GET"]}}],"collection":[{"href":"https:\/\/firstaidoksanen.fi\/fi\/wp-json\/wp\/v2\/pages"}],"about":[{"href":"https:\/\/firstaidoksanen.fi\/fi\/wp-json\/wp\/v2\/types\/page"}],"author":[{"embeddable":true,"href":"https:\/\/firstaidoksanen.fi\/fi\/wp-json\/wp\/v2\/users\/1"}],"replies":[{"embeddable":true,"href":"https:\/\/firstaidoksanen.fi\/fi\/wp-json\/wp\/v2\/comments?post=33"}],"version-history":[{"count":7,"href":"https:\/\/firstaidoksanen.fi\/fi\/wp-json\/wp\/v2\/pages\/33\/revisions"}],"predecessor-version":[{"id":409,"href":"https:\/\/firstaidoksanen.fi\/fi\/wp-json\/wp\/v2\/pages\/33\/revisions\/409"}],"wp:attachment":[{"href":"https:\/\/firstaidoksanen.fi\/fi\/wp-json\/wp\/v2\/media?parent=33"}],"curies":[{"name":"wp","href":"https:\/\/api.w.org\/{rel}","templated":true}]}}